{"id":2864,"date":"2019-07-11T10:38:27","date_gmt":"2019-07-11T10:38:27","guid":{"rendered":"https:\/\/campdecervia.com\/avisos-legals\/"},"modified":"2020-01-03T07:49:18","modified_gmt":"2020-01-03T07:49:18","slug":"avisos-legals","status":"publish","type":"page","link":"https:\/\/campdecervia.com\/en\/avisos-legals\/","title":{"rendered":"Legal notice"},"content":{"rendered":"\n<p>In order to comply with Article 10 of Law\n34\/2002 for Information Society and Electronic Commerce Services, we shall\ninform the Users of the following data:<\/p>\n\n\n\n<p>Company Name: CAMP DE CERVI\u00c0 DE LES\nGARRIGUES I SECCI\u00d3 DE CR\u00c8DIT SCCL<\/p>\n\n\n\n<p>Company Address: c\/Albi, 83, 25460 Cervi\u00e0\nde les Garrigues, (Lleida)<\/p>\n\n\n\n<p>Tax Identification Number: F25003625<\/p>\n\n\n\n<p>Telephone: 973178006<\/p>\n\n\n\n<p>E-Mail: coop@campdecervia.com<\/p>\n\n\n\n<p>Website: www.campdecervia.com<\/p>\n\n\n\n<p>Registration Data:<\/p>\n\n\n\n<h2 class=\"wp-block-heading\"><strong>1.- Purpose of the Contract<\/strong><\/h2>\n\n\n\n<p><strong>CAMP DE CERVI\u00c0 DE LES GARRIGUES I SECCI\u00d3\nDE CR\u00c8DIT SCCL<\/strong> (hereinafter the Provider),as a\nresponsible entity for the website, provides this document to the Users, which\nregulates the use of the website <strong>www.campdecervia.com<\/strong>, by which we\nintend to comply with the obligations set forth in the Law 34\/2002 for\nInformation Society and Electronic Commerce Services (LSSICE or LSSI), as well\nas informing all Users about the conditions of use of the website.<\/p>\n\n\n\n<p>Through the Web, <strong>CAMP DE CERVI\u00c0 DE LES\nGARRIGUES I SECCI\u00d3 DE CR\u00c8DIT SCCL<\/strong> provides users with access to and use of\ndifferent services and content made available through the web.<\/p>\n\n\n\n<p>Any person accessing this website assumes\nthe role of User (hereinafter, the User), which consequently implies full and\nunreserved acceptance of each and every one of the provisions included in this\nlegal notice, as well as any other legal provisions that are of application<\/p>\n\n\n\n<p>As a User, you have to carefully read this\nLegal Notice for all and any of the occasions that you access the web, as there\nmay be modifications ,being that the provider reserves the right to modify any\ntype of information that may appear on the web without having to pre-warn or to\ninform users of these changes, being only enough the mere publication on the\nwebsite of the Provider.<\/p>\n\n\n\n<h2 class=\"wp-block-heading\"><strong>2. CONDITIONS OF ACCESS AND\nUSE OF THE WEB.<\/strong><\/h2>\n\n\n\n<h3 class=\"wp-block-heading\"><strong>2.1.&nbsp;&nbsp;&nbsp;&nbsp;&nbsp; Free access and use of the web.<\/strong><\/h3>\n\n\n\n<p>The provision of services by <strong>CAMP DE\nCERVI\u00c0 DE LES GARRIGUES I SECCI\u00d3 DE CR\u00c8DIT SCCL<\/strong> is free for all Users.\nHowever, some of the services rendered by the provider through the Web may be\nsubjected to payment of a specific price through the general contract of\nconditions.<\/p>\n\n\n\n<h3 class=\"wp-block-heading\"><strong>2.2.&nbsp;&nbsp;&nbsp;&nbsp;&nbsp; User registration.<\/strong><\/h3>\n\n\n\n<p>In general, the rendering of the Services\ndoes not require prior subscription or registration of Users. Even so, <strong>CAMP\nDE CERVI\u00c0 DE LES GARRIGUES I SECCI\u00d3 DE CR\u00c8DIT SCCL<\/strong> conditions the use of\nsome of the services only if the User has previously filled out the\ncorresponding User registration form. Such registration shall be completed in\nthe manner that is expressly indicated in the service section itself.<\/p>\n\n\n\n<h3 class=\"wp-block-heading\"><strong>2.3.&nbsp;&nbsp;&nbsp;&nbsp;&nbsp; Accuracy and truthfulness of the information<\/strong><\/h3>\n\n\n\n<p>All the information provided by the User\nmust be accurate and truthful. For these purposes, the User guarantees the\nauthenticity of the data provided through the forms for the subscription of the\nServices. The User is responsible to keep all the information provided to <strong>CAMP\nDE CERVI\u00c0 DE LES GARRIGUES I SECCI\u00d3 DE CR\u00c8DIT SCCL<\/strong> permanently updated in a\nway that it reflects, at all times, their actual situation. In any case, the\nUser will be solely responsible for false or inaccurate statements provided by\nthem, as well as for the damages that may be caused to the provider or third\nparties as a consequence.<\/p>\n\n\n\n<h3 class=\"wp-block-heading\"><strong>2.4.&nbsp;&nbsp;&nbsp;&nbsp;&nbsp; Minors<\/strong><\/h3>\n\n\n\n<p>For the use of\nthe services, minors must always obtain previous consent of their parents, guardians\nor legal representatives, who are ultimately responsible for all acts performed\nby such minors under their care. They are also responsible for determining the\nspecific contents to which minors access, that is, in the event a minor access\nunsuitable content via the Internet, they will have to establish mechanisms in\ntheir computers, in particular computer programs, filters and blocks, which are\nintended to limit the available contents and, in spite that they are not\ninfallible, they are of special utility to control and to restrict the\nmaterials to which minors can be exposed.<\/p>\n\n\n\n<h3 class=\"wp-block-heading\"><strong>2.5.&nbsp;&nbsp;&nbsp;&nbsp;&nbsp; Obligation to make a correct use of the Web.<\/strong><\/h3>\n\n\n\n<p>The User agrees to use the Website in\ncompliance with the Law and this Legal Notice, as well as in accordance to\nmorality and good custom. For this purpose, the User shall refrain from using\nthe page for purposes that are unlawful or prohibited, and \/ or injurious to\nthe rights and interests of third parties, and \/ or that in any way may damage,\ndisable, overburden, deteriorate or prevent the normal use of computer\nequipment or documents, files and all kinds of content stored on any computer\nequipment of the provider.<\/p>\n\n\n\n<p>As a particular indication but not limited\nthereto, the User undertakes not to transmit, disseminate or make available to\nthird parties information, data, content, messages, graphics, drawings, sound\nor image files, photographs, recordings, software and, in general, any kind of\nmaterial that:<\/p>\n\n\n\n<p>(a)&nbsp;&nbsp;&nbsp;&nbsp;&nbsp;&nbsp;&nbsp;&nbsp;&nbsp;&nbsp;&nbsp; is\ncontrary, despises or attempts against fundamental rights and public liberties\nthat are recognized by the Spanish Constitution, international treaties and\nother current applicable laws;<\/p>\n\n\n\n<p>(b)&nbsp;&nbsp;&nbsp;&nbsp;&nbsp;&nbsp;&nbsp;&nbsp;&nbsp;&nbsp;&nbsp; induces,\nincites or promotes actions that are criminal, degrading, defamatory, violent\nor, in general, contrary to law, morals and public order;<\/p>\n\n\n\n<p>(c)&nbsp;&nbsp;&nbsp;&nbsp;&nbsp;&nbsp;&nbsp;&nbsp;&nbsp;&nbsp;&nbsp; induce,\nincite or promote discriminatory actions, attitudes or thoughts based on\ngender, race, religion, beliefs, age or condition;<\/p>\n\n\n\n<p>(d)&nbsp;&nbsp;&nbsp;&nbsp;&nbsp;&nbsp;&nbsp;&nbsp;&nbsp;&nbsp;&nbsp; is\ncontrary to the rights relating to honor, personal or family privacy or to the\nperson&#8217;s own image;<\/p>\n\n\n\n<p>(e)&nbsp;&nbsp;&nbsp;&nbsp;&nbsp;&nbsp;&nbsp;&nbsp;&nbsp;&nbsp;&nbsp; in\nany way harms the credibility of the provider or of third parties; and<\/p>\n\n\n\n<p>(f)&nbsp;&nbsp;&nbsp;&nbsp;&nbsp;&nbsp;&nbsp;&nbsp;&nbsp;&nbsp;&nbsp;&nbsp; constitutes\nillicit, deceptive or disloyal advertising.<\/p>\n\n\n\n<h2 class=\"wp-block-heading\"><strong>3.- EXCLUSION OF GUARANTEES\nAND LIABILITY<\/strong><\/h2>\n\n\n\n<p>The Provider is exempt from any and all\nliabilities arising from the information published on our website, whenever\nthat information has been manipulated or introduced by a third party.<\/p>\n\n\n\n<p>This website has been revised and tested to\nwork properly. In principle, its correct operation guaranteed 365 days a year,\n24 hours a day. However, the Provider does not rule out the possibility that\nthere may be certain programming errors, or that causes of force majeure,\nnatural disasters, strikes, or similar circumstances could make it impossible\nto access the website.<\/p>\n\n\n\n<p><strong>CAMP DE CERVI\u00c0 DE LES GARRIGUES I SECCI\u00d3\nDE CR\u00c8DIT SCCL<\/strong> does not grant any guarantee and is\nnot liable, in any case, for any and all damages of any kind that may arise\nfrom the lack of availability, maintenance and effective operation of the\nwebsite or its services and contents; of the existence of viruses, malicious\nprograms or harmful contents; of the illicit, negligent, fraudulent use or\ncontrary to this Legal Notice and conditions of use; or the lack of legality,\nquality, reliability, usefulness and availability of the services provided by\nthird parties and motions available to users on the website.<\/p>\n\n\n\n<p>The provider is not liable under any\ncircumstances for any and all damages that may arise from the illegal or\nimproper use of this website.<\/p>\n\n\n\n<h2 class=\"wp-block-heading\"><strong>4.- COOKIES [ADAPT TO THE\nSPECIFIC CASE]<\/strong><\/h2>\n\n\n\n<p>The provider&#8217;s website may use cookies\n(small information files that the server sends to the computer of the person\naccessing the page) to carry out certain functions that are considered\nessential for the proper functioning and visualization of the Website. The\ncookies that are used have, in any case, a temporary nature, with the sole\npurpose of making navigation more efficient, and they are to disappear once the\nuser&#8217;s session ends.<\/p>\n\n\n\n<p>Under no circumstances the cookies will be\nused to collect personal information.<\/p>\n\n\n\n<p>For more information, see our <a href=\"https:\/\/campdecervia.com\/en\/politica-de-galetes\/\" target=\"_blank\" rel=\"noreferrer noopener\" aria-label=\"Cookies Policy (s'obre en una nova pestanya)\">Cookies Policy<\/a>. <\/p>\n\n\n\n<h2 class=\"wp-block-heading\"><strong>5.- LINKS<\/strong><\/h2>\n\n\n\n<p>From the website, you may be redirected to\nthird-party content. Since it is not always possible to control the content\nentered by third parties, <strong>CAMP DE CERVI\u00c0 DE LES GARRIGUES I SECCI\u00d3 DE CR\u00c8DIT\nSCCL<\/strong> does not assume any liability regarding these contents. In any case,\nthe Provider states to undertake the immediate withdrawal of any content that\nmay contravene national or international laws, morality or public order, also\nproceeding to the immediate withdrawal of the redirection to these websites, as\nwell as informing the competent authorities of the content in question.<\/p>\n\n\n\n<p>The Provider is not responsible for the\ninformation and stored content that may be included but not limited to forums,\nchats, blog generators, comments, social networks or any other means that allow\nthird parties to independently publish content of the website of the provider.\nHowever, and in compliance with the provisions of art. 11 and 16 of the LSSICE\n(Information Society and Electronic Commerce Law in Spain), the Provider\nundertakes to be available for all users, authorities and security forces, as\nto actively collaborate in the withdrawal or, when necessary, the blocking of\nall content that may affect or contravene the national, or international laws,\nrights of third parties or for the purposes of morality and public order. In\nthe event that the user considers that there may be some content that could be\nsusceptible to this classification, they shall notify the administrator of the\nwebsite immediately.<\/p>\n\n\n\n<h2 class=\"wp-block-heading\"><strong>6.- PERSONAL DATA PROTECTION<\/strong><\/h2>\n\n\n\n<p>The provider is deeply committed to\ncomplycompliance with personal data protection regulations and guarantees full\ncompliance with the obligations set forth by the in said regulations, which\nalso includes the implementation of the established security measures in\nboth&nbsp; the European Data Protection\nRegulation and the Spanish regulations on data protection. For further\ninformation, please read our Privacy Policy.<\/p>\n\n\n\n<h2 class=\"wp-block-heading\"><strong>7. SOCIAL NETWORKS<\/strong><\/h2>\n\n\n\n<p>We inform you that <strong>CAMP DE CERVI\u00c0 DE LES\nGARRIGUES I SECCI\u00d3 DE CR\u00c8DIT SCCL<\/strong> may be present in social networks. The\nprocessing of the data that the users include in social networks [by becoming\nfollowers of the provider in the social networks (and \/ or realizing any link\nor connection action through these)] will be governed by this section, as well\nas by the conditions of use, privacy policies and regulations for access and\nuse of the social networks in question and are previously accepted by the user.<\/p>\n\n\n\n<p><strong>CAMP DE CERVI\u00c0 DE LES GARRIGUES I SECCI\u00d3\nDE CR\u00c8DIT SCCL<\/strong> will process your data in order to\ninform you of the activities, products or services of the provider through\nthese social networks, as well as for any other purpose that the Social\nNetworks regulations allow, but will not be responsible for their Privacy\nPolicies.<\/p>\n\n\n\n<p>The following content publications are\nprohibited:<\/p>\n\n\n\n<p>&#8211; Whereas they are unlawful by national,\ncommunity or international regulations or that they carry out activities that\nare allegedly unlawful or contravene the principles of good faith.<\/p>\n\n\n\n<p>&#8211; Whereas they threaten the fundamental\nrights of people, lack of courtesy in the network, annoy or may generate\nnegative opinions on our users or third parties and in general whatever the\ncontent that <strong>CAMP DE CERVI\u00c0 DE LES GARRIGUES I SECCI\u00d3 DE CR\u00c8DIT SCCL<\/strong>\ndeems inappropriate.<\/p>\n\n\n\n<p>&#8211;\u00a0And in general, whereas they contravene the principles of legality, honesty, responsibility, protection of human dignity, protection of minors, protection of public order, protection of privacy, consumer protection and intellectual and industrial property rights.<\/p>\n\n\n\n<p>Also, <strong>CAMP DE CERVI\u00c0 DE LES GARRIGUES I\nSECCI\u00d3 DE CR\u00c8DIT SCCL<\/strong> reserves the right to remove, without prior notice\nfrom the website or the corporate social network, those contents that are\ndeemed inappropriate.<\/p>\n\n\n\n<h2 class=\"wp-block-heading\"><strong>8.- INTELLECTUAL AND\nINDUSTRIAL PROPERTY<\/strong><\/h2>\n\n\n\n<p>The website, including but not limited to the\nprogramming, editing, compilation and other elements necessary for its\noperation, the designs, logos, texts, photographs and \/ or graphics are all\nproperty of the Provider or, if necessary, its use is based upon a license\nagreement or express authorization from behalf of the owner(s). All the\ncontents of the website are duly protected by the rules of intellectual and\nindustrial property.<\/p>\n\n\n\n<p>Regardless of the purpose for which they\nwere intended, the total or partial reproduction, use, distribution and public\ncommunication require prior written authorization from the Provider. Any use\nthat is not previously authorized by the Provider will be considered a serious\nbreach of the intellectual or industrial property rights of the owner(s).<\/p>\n\n\n\n<p>The designs, logos, texts and \/ or graphics\nthat are unrelated to the provider and that may appear on the website, are\nproperty of their respective owners, being themselves responsible for any\npossible dispute that may occur in their regard. In any case, the Provider has\nexpress and prior authorization from such owners.<\/p>\n\n\n\n<p>The Provider acknowledges, in favor of the\nowners, their corresponding industrial and intellectual property rights, by\nwhich their mentioning or appearance on the website, does not imply the\nexistence of any rights or any liability of the Provider over them, neither\nendorsement, sponsorship or recommendation by him.<\/p>\n\n\n\n<p>To make any kind of observation regarding\npossible breaches of intellectual or industrial property rights, as well as any\nof the contents of the website, you may contact the Provider through the email\nprovided above.<\/p>\n\n\n\n<h2 class=\"wp-block-heading\"><strong>9.- APPLICABLE LAW AND\nJURISDICTION<\/strong><\/h2>\n\n\n\n<p>For the resolution of disputes or issues\nrelated to this website or the activities that are developed therein, they\nshall be governed by the laws applicable in Spain, to which the parties\nexpressly submit, being the Courts of <strong>CAMP DE CERVI\u00c0 DE LES GARRIGUES I\nSECCI\u00d3 DE CR\u00c8DIT SCCL<\/strong> as the competent entities that shall resolve all\ndisputes that derive or are&nbsp; related to\nthe use performed by such parties.<\/p>\n","protected":false},"excerpt":{"rendered":"<p>In order to comply with Article 10 of Law 34\/2002 for Information Society and Electronic Commerce Services, we shall inform the Users of the following data: Company Name: CAMP DE CERVI\u00c0 DE LES GARRIGUES I SECCI\u00d3 DE CR\u00c8DIT SCCL Company Address: c\/Albi, 83, 25460 Cervi\u00e0 de les Garrigues, (Lleida) Tax Identification Number: F25003625 Telephone: 973178006 [&hellip;]<\/p>\n","protected":false},"author":1,"featured_media":0,"parent":0,"menu_order":0,"comment_status":"closed","ping_status":"closed","template":"","meta":{"_monsterinsights_skip_tracking":false,"_monsterinsights_sitenote_active":false,"_monsterinsights_sitenote_note":"","_monsterinsights_sitenote_category":0,"footnotes":""},"class_list":["post-2864","page","type-page","status-publish","hentry"],"_links":{"self":[{"href":"https:\/\/campdecervia.com\/en\/wp-json\/wp\/v2\/pages\/2864","targetHints":{"allow":["GET"]}}],"collection":[{"href":"https:\/\/campdecervia.com\/en\/wp-json\/wp\/v2\/pages"}],"about":[{"href":"https:\/\/campdecervia.com\/en\/wp-json\/wp\/v2\/types\/page"}],"author":[{"embeddable":true,"href":"https:\/\/campdecervia.com\/en\/wp-json\/wp\/v2\/users\/1"}],"replies":[{"embeddable":true,"href":"https:\/\/campdecervia.com\/en\/wp-json\/wp\/v2\/comments?post=2864"}],"version-history":[{"count":0,"href":"https:\/\/campdecervia.com\/en\/wp-json\/wp\/v2\/pages\/2864\/revisions"}],"wp:attachment":[{"href":"https:\/\/campdecervia.com\/en\/wp-json\/wp\/v2\/media?parent=2864"}],"curies":[{"name":"wp","href":"https:\/\/api.w.org\/{rel}","templated":true}]}}