{"id":2873,"date":"2019-07-11T10:38:27","date_gmt":"2019-07-11T10:38:27","guid":{"rendered":"https:\/\/campdecervia.com\/politica-de-galetes\/"},"modified":"2020-01-03T08:30:14","modified_gmt":"2020-01-03T08:30:14","slug":"politica-de-galetes","status":"publish","type":"page","link":"https:\/\/campdecervia.com\/en\/politica-de-galetes\/","title":{"rendered":"Cookies policy"},"content":{"rendered":"\n<p>In accordance with Spanish regulations\ngoverning the use of cookies in relation to the Provision of Electronic\nCommunications Services, set out in the Spanish Royal Decree Law 13\/2012 of\nMarch 30, we inform you about the cookies used on the website of <strong>CAMP DE\nCERVI\u00c0 DE LES GARRIGUES I SECCI\u00d3 DE CR\u00c8DIT SCCL<\/strong> (also the provider) and the\nreason for its use. Likewise, this informs you that by browsing the Website you\nare giving your consent to use them.<\/p>\n\n\n\n<h2 class=\"wp-block-heading\"><strong>WHAT ARE COOKIES?<\/strong><\/h2>\n\n\n\n<p>A cookie is a file that is downloaded to\nyour computer when you access certain web pages. Cookies allow a web page,\namong other things, to store and retrieve information about the browsing habits\nof a user or their equipment and, depending on the information they contain and\nthe way they use their equipment, they can be used to remember a user. Cookies\nare only associated with an anonymous user and their computer or device and do\nnot provide references that allow accessing their personal data.<\/p>\n\n\n\n<h2 class=\"wp-block-heading\"><strong>COOKIES AFFECTED BY\nREGULATIONS AND EXEMPT COOKIES<\/strong><\/h2>\n\n\n\n<p>In accordance to EU directive, cookies that\nrequire informed consent by the user are analytical cookies and advertising and\naffiliation cookies, except those of a technical nature and those necessary for\nthe operation of the website or the provision of services expressly demanded by\nthe user.<\/p>\n\n\n\n<h2 class=\"wp-block-heading\"><strong>TYPES OF COOKIES<\/strong><\/h2>\n\n\n\n<p>a) Depending on the entity that manages\nthem, there are innate Cookies (those that are sent to the user&#8217;s terminal\nequipment from a computer or domain managed by the publisher itself and from\nwhich the service requested by the user is provided) and from third parties\n(those that are sent to the user&#8217;s terminal equipment from a computer or domain\nthat is not managed by the editor, but by another entity that processes the\ndata obtained through cookies).<\/p>\n\n\n\n<p>b) Depending on the time they remain\nactive, there are session cookies (designed to collect and store data while the\nuser accesses a web page) and persistent cookies (in which the data is stored\nin the terminal and can be accessed and processed during a period defined by\nthe person in charge of cookies (lasting from a few minutes to several years).<\/p>\n\n\n\n<p>c) Depending on the purpose for which they\nmanage the information they collect, they can be:<\/p>\n\n\n\n<p>&#8211; <strong>Technical cookies<\/strong> (necessary for\nthe use of the website and the provisions of the contracted service)<\/p>\n\n\n\n<p>&#8211; <strong>Personalization cookies<\/strong> (that\nallows the User to access the service with predefined features, such as\nlanguage, browser type, regional configuration, etc.)<\/p>\n\n\n\n<p>&#8211; <strong>Analysis cookies<\/strong> (information\ncollected on the use made carried out through the website)<\/p>\n\n\n\n<p>&#8211; <strong>Advertising cookies<\/strong> (they collect\ninformation about preferences and personal choices of Users)<\/p>\n\n\n\n<p>&#8211; <strong>Affiliate cookies<\/strong> (they allow to\ntrack visits incomming from other websites, with which the website establishes\nan affiliation contract)<\/p>\n\n\n\n<h2 class=\"wp-block-heading\"><strong>TYPES OF COOKIES USED BY\nTHIS WEBSITE<\/strong><\/h2>\n\n\n\n<p>The cookies used on our website are session\nand third-party cookies, and allow us to store and access information related\nto the language, the type of browser used, and other general characteristics\npredefined by the User, as well as tracking and analyzing the activity carried\nout to improve and provide our services in a more efficient and personalized\nway. The cookies used have, in any case, a temporary nature, with the sole\npurpose of making browsing more efficient. In no case do these cookies provide\nby themselves personal data and are not used for the collection of\naforementioned data.<\/p>\n\n\n\n<p>The use of cookies offers advantages, such as:<\/p>\n\n\n\n<p>&#8211; facilitating user navigation and access\nto the different services offered by this website<\/p>\n\n\n\n<p>&#8211; avoids users having to configure the\npredefined general characteristics each time they access the website.<\/p>\n\n\n\n<p>&#8211; granting improvements of the functions\nand of the services provided through this website, resulting from the\ncorresponding analysis of the information obtained through the installed\ncookies<\/p>\n\n\n\n<p>When accessing our website you are informed\nthat if you continue browsing, several third-party cookies will be installed,\nthus allowing the installation of certain cookies that will have the sole\npurpose of registering access to our website for the compilation of anonymous\nstatistics about visits, always collecting information anonymously. It is not\nmandatory to accept the installation of these cookies; you can browse through\nour website regardless.<\/p>\n\n\n\n<p>In various sections of our website you can\ninstall social network cookies, specifically the following:<\/p>\n\n\n\n<ul class=\"wp-block-list\"><li>Facebook, <a href=\"https:\/\/es-es.facebook.com\/policies\/cookies\/\">pol\u00edtica de cookies<\/a><\/li><li>Instagram, <a href=\"https:\/\/es-es.facebook.com\/policies\/cookies\/\">pol\u00edtica de cookies<\/a><\/li><\/ul>\n\n\n<div id=\"clickdatos\">\n<div id=\"listadodecookies\">\n<table style=\"border: 1px solid black;\">\n<tbody>\n<tr align=\"center\">\n<td style=\"border: 1px solid black;\">Nombre<\/td>\n<td style=\"border: 1px solid black;\">Categoria<\/td>\n<td style=\"border: 1px solid black;\">Descripci\u00f3n<\/td>\n<td style=\"border: 1px solid black;\">Propiedad<\/td>\n<td style=\"border: 1px solid black;\">Duraci\u00f3n<\/td>\n<\/tr>\n<tr id=\"_ga\" align=\"center\">\n<td style=\"border: 1px solid black;\">_ga<\/td>\n<td style=\"border: 1px solid black;\">An\u00e1lisis<\/td>\n<td style=\"border: 1px solid black;\">Se usa para distinguir a los usuarios.<\/td>\n<td style=\"border: 1px solid black;\">Terceros<\/td>\n<td style=\"border: 1px solid black;\">2 a\u00f1os<\/td>\n<\/tr>\n<tr id=\"wordpress_\" align=\"center\">\n<td style=\"border: 1px solid black;\">wordpress_<\/td>\n<td style=\"border: 1px solid black;\">Funcionalidad<\/td>\n<td style=\"border: 1px solid black;\">Se activa durante el login y guarda los detalles de autentificaci\u00f3n.<\/td>\n<td style=\"border: 1px solid black;\">Propia<\/td>\n<td style=\"border: 1px solid black;\">1 a\u00f1o<\/td>\n<\/tr>\n<tr id=\"wordpress_logged_in_\" align=\"center\">\n<td style=\"border: 1px solid black;\">wordpress_logged_in_<\/td>\n<td style=\"border: 1px solid black;\">Funcionalidad<\/td>\n<td style=\"border: 1px solid black;\">Se activa durante el login y guarda los detalles de autentificaci\u00f3n.<\/td>\n<td style=\"border: 1px solid black;\">Propia<\/td>\n<td style=\"border: 1px solid black;\">1 a\u00f1o<\/td>\n<\/tr>\n<tr id=\"wp-settings-\" align=\"center\">\n<td style=\"border: 1px solid black;\">wp-settings-<\/td>\n<td style=\"border: 1px solid black;\">Funcionalidad<\/td>\n<td style=\"border: 1px solid black;\">Sirve para personalizar la Interfaz de Usuario.<\/td>\n<td style=\"border: 1px solid black;\">Propia<\/td>\n<td style=\"border: 1px solid black;\">1 a\u00f1o<\/td>\n<\/tr>\n<tr id=\"wp-settings-time-\" align=\"center\">\n<td style=\"border: 1px solid black;\">wp-settings-time-<\/td>\n<td style=\"border: 1px solid black;\">Funcionalidad<\/td>\n<td style=\"border: 1px solid black;\">Sirve para personalizar la Interfaz de Usuario.<\/td>\n<td style=\"border: 1px solid black;\">Propia<\/td>\n<td style=\"border: 1px solid black;\">Finalizaci\u00f3n de la sesi\u00f3n<\/td>\n<\/tr>\n<tr id=\"woocommerce_cart_hash\" align=\"center\">\n<td style=\"border: 1px solid black;\">woocommerce_cart_hash<\/td>\n<td style=\"border: 1px solid black;\">An\u00e1lisis<\/td>\n<td style=\"border: 1px solid black;\">Contiene informaci\u00f3n sobre el carrito en su totalidad y ayuda a WooCommerce a saber cu\u00e1ndo cambian los datos del carrito.<\/td>\n<td style=\"border: 1px solid black;\">Propia<\/td>\n<td style=\"border: 1px solid black;\">30 d\u00edas<\/td>\n<\/tr>\n<tr id=\"woocommerce_items_in_cart\" align=\"center\">\n<td style=\"border: 1px solid black;\">woocommerce_items_in_cart<\/td>\n<td style=\"border: 1px solid black;\">Funcionalidad<\/td>\n<td style=\"border: 1px solid black;\">Contiene informaci\u00f3n sobre el carrito en su totalidad y ayuda a WooCommerce a saber cu\u00e1ndo cambian los datos del carrito.<\/td>\n<td style=\"border: 1px solid black;\">Propia<\/td>\n<td style=\"border: 1px solid black;\">30 d\u00edas<\/td>\n<\/tr>\n<tr id=\"wp_woocommerce_session_\" align=\"center\">\n<td style=\"border: 1px solid black;\">wp_woocommerce_session_<\/td>\n<td style=\"border: 1px solid black;\">Funcionalidad<\/td>\n<td style=\"border: 1px solid black;\">Contiene un c\u00f3digo \u00fanico para cada cliente para que sepa d\u00f3nde encontrar los datos del carrito en la base de datos.<\/td>\n<td style=\"border: 1px solid black;\">Propia<\/td>\n<td style=\"border: 1px solid black;\">30 d\u00edas<\/td>\n<\/tr>\n<tr id=\"redux_current_tab\" align=\"center\">\n<td style=\"border: 1px solid black;\">redux_current_tab<\/td>\n<td style=\"border: 1px solid black;\">Funcionalidad<\/td>\n<td style=\"border: 1px solid black;\">Desconocemos el origen de la cookie<\/td>\n<td style=\"border: 1px solid black;\">Terceros<\/td>\n<td style=\"border: 1px solid black;\">Desconocemos el origen de la cookie<\/td>\n<\/tr>\n<tr id=\"redux_current_tab_get\" align=\"center\">\n<td style=\"border: 1px solid black;\">redux_current_tab_get<\/td>\n<td style=\"border: 1px solid black;\">Funcionalidad<\/td>\n<td style=\"border: 1px solid black;\">Desconocemos el origen de la cookie<\/td>\n<td style=\"border: 1px solid black;\">Terceros<\/td>\n<td style=\"border: 1px solid black;\">Desconocemos el origen de la cookie<\/td>\n<\/tr>\n<tr id=\"_icl_current_language\" align=\"center\">\n<td style=\"border: 1px solid black;\">_icl_current_language<\/td>\n<td style=\"border: 1px solid black;\">Funcionalidad<\/td>\n<td style=\"border: 1px solid black;\">Desconocemos el origen de la cookie<\/td>\n<td style=\"border: 1px solid black;\">Terceros<\/td>\n<td style=\"border: 1px solid black;\">Desconocemos el origen de la cookie<\/td>\n<\/tr>\n<tr id=\"tk_ai\" align=\"center\">\n<td style=\"border: 1px solid black;\">tk_ai<\/td>\n<td style=\"border: 1px solid black;\">Funcionalidad<\/td>\n<td style=\"border: 1px solid black;\">Desconocemos el origen de la cookie<\/td>\n<td style=\"border: 1px solid black;\">Terceros<\/td>\n<td style=\"border: 1px solid black;\">Desconocemos el origen de la cookie<\/td>\n<\/tr>\n<tr id=\"_icl_current_admin_language_d41d8cd98f00b204e9800998ecf8427e\" align=\"center\">\n<td style=\"border: 1px solid black;\">_icl_current_admin_language_d41d8cd98f00b204e9800998ecf8427e<\/td>\n<td style=\"border: 1px solid black;\">Funcionalidad<\/td>\n<td style=\"border: 1px solid black;\">Desconocemos el origen de la cookie<\/td>\n<td style=\"border: 1px solid black;\">Terceros<\/td>\n<td style=\"border: 1px solid black;\">Desconocemos el origen de la cookie<\/td>\n<\/tr>\n<\/tbody>\n<\/table>\n<\/div>\n<\/div>\n\n\n<h2 class=\"wp-block-heading\"><strong>REVOCATION<\/strong><\/h2>\n\n\n\n<p>At any time you can access the\nconfiguration of your browser regulating the acceptance or rejection of all\ncookies, or only select those which installation is admitted, following one of\nthe following procedures, which depends on the browser you use:<\/p>\n\n\n\n<p><strong>Google Chrome<\/strong> (in the Tools Menu):<\/p>\n\n\n\n<p>Settings&gt; Show advanced options&gt;\nPrivacy (Content settings)&gt; Cookies:\nhttps:\/\/support.google.com\/chrome\/answer\/95647?co=GENIE.Platform%3DDesktopandhl=es<\/p>\n\n\n\n<p><strong>Microsoft Internet Explorer<\/strong> (in the Tools Menu):<\/p>\n\n\n\n<p>Internet Options&gt; Privacy&gt; Advanced:\nhttps:\/\/support.microsoft.com\/es-es\/help\/17442\/windows-internet-explorer-delete-manage-cookies<\/p>\n\n\n\n<p><strong>Firefox:<\/strong><\/p>\n\n\n\n<p>Options&gt; Privacy&gt; Cookies:\nhttps:\/\/support.mozilla.org\/es\/kb\/habilitar-y-deshabilitar-cookies-sitios-web-rastrear-preferencias<\/p>\n\n\n\n<p><strong>Safari, iPad y iPhone:<\/strong><\/p>\n\n\n\n<p>Preferences&gt; Privacy:\nhttps:\/\/support.apple.com\/kb\/ph21411?locale=es_ES<\/p>\n\n\n\n<p><strong>Opera:<\/strong><\/p>\n\n\n\n<p>Settings&gt; Options&gt; Advanced&gt;\nCookies: http:\/\/help.opera.com\/Windows\/12.00\/es-ES\/cookies.html<\/p>\n\n\n\n<p>These browsers are subject to updates or\nmodifications, so we can&#8217;t guarantee that they comply fully with your browser\nversion. It may also be that you use another browser not included in these\nlinks such as Konqueror, Arora, Flock, etc. To avoid these mismatches, you can\naccess the Cookies configuration directly from the options of your browser,\nusually in the &#8220;Options&#8221; menu in the &#8220;Privacy&#8221; section.\n(Please see the help of your browser for more information).<\/p>\n\n\n\n<h2 class=\"wp-block-heading\"><strong>DESACTIVATION \/ ACTIVATION\nAND ELIMINATION OF COOKIES<\/strong><\/h2>\n\n\n\n<p>The restriction or blockage of cookies, is\nusually modified through the browser settings. If you do not want websites to\nplace any cookies on your computer, you can adapt your browser settings so that\nyou are notified before any cookies are placed. Similarly, you can adapt the\nconfiguration so that the browser rejects either all cookies or only\nthird-party cookies. You can also delete any of the cookies that are already on\nthe computer. Keep in mind that you will have to adapt the configuration of\neach browser and equipment you use separately.<\/p>\n\n\n\n<p>Please note that if you choose not to\nreceive cookies, we can no longer guarantee that our website will work\nproperly. Some site features may be lost and you may no longer be able to see\ncertain websites. Also, rejecting cookies does not mean that you are not going\nto see advertisements. The ads will simply not fit your interests and will be\nrepeated more frequently.<\/p>\n\n\n\n<p>Each browser has a different method to\nadapt cookies configurations. If necessary, consult the browser&#8217;s help function\nto establish the correct settings.<\/p>\n\n\n\n<p>To disable cookies on your mobile phone,\ncheck the device manual for more information.<\/p>\n\n\n\n<p>You can get more information about cookies\non the following Internet website: http:\/\/www.aboutcookies.org\/.<\/p>\n\n\n\n<p>Taking into account the way in which the\nInternet and websites work, we do not always have information on the cookies\nplaced by third parties through our website. This especially applies to cases\nin which our website contains what are commonly called integrated elements:\ntexts, documents, images or short films that are stored elsewhere, but are\ndisplayed on our website or through it.<\/p>\n\n\n\n<p>Therefore, if you encounter this type of\ncookies on this website and which are not listed in the above list, please\ninform us. Or contact the third party directly to request information about the\ncookies they may place, the purpose and duration of the cookie, and how your\nprivacy has been guaranteed.<\/p>\n","protected":false},"excerpt":{"rendered":"<p>In accordance with Spanish regulations governing the use of cookies in relation to the Provision of Electronic Communications Services, set out in the Spanish Royal Decree Law 13\/2012 of March 30, we inform you about the cookies used on the website of CAMP DE CERVI\u00c0 DE LES GARRIGUES I SECCI\u00d3 DE CR\u00c8DIT SCCL (also the [&hellip;]<\/p>\n","protected":false},"author":1,"featured_media":0,"parent":0,"menu_order":0,"comment_status":"closed","ping_status":"closed","template":"","meta":{"_monsterinsights_skip_tracking":false,"_monsterinsights_sitenote_active":false,"_monsterinsights_sitenote_note":"","_monsterinsights_sitenote_category":0,"footnotes":""},"class_list":["post-2873","page","type-page","status-publish","hentry"],"_links":{"self":[{"href":"https:\/\/campdecervia.com\/en\/wp-json\/wp\/v2\/pages\/2873","targetHints":{"allow":["GET"]}}],"collection":[{"href":"https:\/\/campdecervia.com\/en\/wp-json\/wp\/v2\/pages"}],"about":[{"href":"https:\/\/campdecervia.com\/en\/wp-json\/wp\/v2\/types\/page"}],"author":[{"embeddable":true,"href":"https:\/\/campdecervia.com\/en\/wp-json\/wp\/v2\/users\/1"}],"replies":[{"embeddable":true,"href":"https:\/\/campdecervia.com\/en\/wp-json\/wp\/v2\/comments?post=2873"}],"version-history":[{"count":0,"href":"https:\/\/campdecervia.com\/en\/wp-json\/wp\/v2\/pages\/2873\/revisions"}],"wp:attachment":[{"href":"https:\/\/campdecervia.com\/en\/wp-json\/wp\/v2\/media?parent=2873"}],"curies":[{"name":"wp","href":"https:\/\/api.w.org\/{rel}","templated":true}]}}