{"id":2883,"date":"2019-07-11T10:38:27","date_gmt":"2019-07-11T10:38:27","guid":{"rendered":"https:\/\/campdecervia.com\/politica-de-privadesa\/"},"modified":"2020-01-03T09:13:18","modified_gmt":"2020-01-03T09:13:18","slug":"politica-de-privadesa","status":"publish","type":"page","link":"https:\/\/campdecervia.com\/en\/politica-de-privadesa\/","title":{"rendered":"Privacy policy"},"content":{"rendered":"\n<h2 class=\"wp-block-heading\"><strong>Data Processor<\/strong><\/h2>\n\n\n\n<p><strong>Company Name: CAMP DE CERVI\u00c0 DE LES\nGARRIGUES I SECCI\u00d3 DE CR\u00c8DIT SCCL<\/strong> (also the\nProvider)<\/p>\n\n\n\n<p><strong>CIF:<\/strong>\nF25003625<\/p>\n\n\n\n<p><strong>Postal Address:<\/strong> c\/Albi, 83, 25460 Cervi\u00e0 de les Garrigues, (Lleida)<\/p>\n\n\n\n<p><strong>E-mail:<\/strong>\ncoop@campdecervia.com<\/p>\n\n\n\n<p><strong>CAMP DE CERVI\u00c0 DE LES GARRIGUES I SECCI\u00d3\nDE CR\u00c8DIT SCCL<\/strong>, as the Data Processor for the\nWebsite, in accordance with the provisions of Regulation (EU) 2016\/679 of April\n27, 2016 (RGPD), the Organic Law 3\/2018 of December 5 (LOPDGDD) and other legal\nregulations in force on the protection of personal data, and by Law 34\/2002, of\nJuly 11, Services of the Information Society and Electronic Commerce (LSSICE),\ninforms you that we have implemented the measures of necessary security, of\ntechnical and organizational nature, to guarantee and protect the\nconfidentiality, integrity and availability of all entered data.<\/p>\n\n\n\n<h2 class=\"wp-block-heading\"><strong>PURPOSE OF PERSONAL DATA\nPROCESSING<\/strong><\/h2>\n\n\n\n<p>Your personal data will only be used for\nthe following purposes:<\/p>\n\n\n\n<p>&#8211; To carry out the necessary commercial and\nadministrative procedures with Web Users;<\/p>\n\n\n\n<p>&#8211; To send commercial advertising by email,\nfax, SMS, MMS, social communities, or any other electronic or physical means,\nprior express consent by the user to receiving this form of communications electronically\nby subscribing to the NEWSLETTER;<\/p>\n\n\n\n<p>&#8211; To respond to queries and\/or provide\ninformation requested by the User;<\/p>\n\n\n\n<p>&#8211; To carry out the provision of services\nand\/or products contracted or subscribed to by the User<\/p>\n\n\n\n<p>&#8211; To use your data to contact you, both\nelectronically and non-electronically, to obtain your opinion about the service\nprovided and,<\/p>\n\n\n\n<p>&#8211; To notify you about changes, important\ndevelopments of the privacy policy, legal notices or cookies policy.<\/p>\n\n\n\n<p>&#8211; Analysis of profiles and usability will\nbe carried out.<\/p>\n\n\n\n<p>&#8211; Client and\/or suppliers data will be\nprocessed, within the contractual relationship that links them with the person\nin charge, in compliance with the administrative, fiscal, accounting, and\nworking obligations that are necessary under the current legislation.<\/p>\n\n\n\n<p>You can revoke your consent at any time by\nsending a letter with the subject &#8220;UNSUBSCRIBE&#8221; to\ncoop@campdecervia.com.<\/p>\n\n\n\n<p>In accordance with LSSICE, CAMP DE CERVI\u00c0\nDE LES GARRIGUES I SECCI\u00d3 DE CR\u00c8DIT SCCL does not partake in SPAM practices,\ntherefore, it does not send commercial emails that have not been previously\nrequested or authorized by the User. Consequently, in all the communications\nthat you will receive from the provider, the User has the possibility of\ncanceling his or her express consent to receive our communications.<\/p>\n\n\n\n<p>We will not use your personal data for any\nother purpose than those described except by legal obligation or judicial\nrequirements.<\/p>\n\n\n\n<h2 class=\"wp-block-heading\"><strong>LAWFULNESS OF PERSONAL DATA\nPROCESSING<\/strong><\/h2>\n\n\n\n<p>The legal basis for data processing is your\nconsent granted to carry out the purposes described above, which will be\nrequested at the time by marking the corresponding box when collecting your\ndata.<\/p>\n\n\n\n<p>Failure to provide the personal data\nrequested or failure to accept this data protection policy means that it is\nimpossible to subscribe, register, or receive information about the Provider&#8217;s\nproducts and services.<\/p>\n\n\n\n<p>In cases where there is a prior contractual\nrelationship between the parties, the legitimacy for the development of\nadministrative, tax, accounting, and labor obligations that are necessary under\ncurrent legislation will be the prior existence of the commercial relationship\nestablished between the parties.<\/p>\n\n\n\n<h2 class=\"wp-block-heading\"><strong>ASSIGNMENTS OR TRANSFERS\nRECIPIENTS<\/strong><\/h2>\n\n\n\n<p>CAMP DE CERVI\u00c0 DE LES GARRIGUES I SECCI\u00d3 DE\nCR\u00c8DIT SCCL does not carry out any data transfer or communication unless there\nis a reasonable need to comply with a legal procedure, legal obligation, or\nprior to obtaining the User&#8217;s consent.<\/p>\n\n\n\n<p>International transfers of your personal data\nwill not be made without your prior consent, without prejudice to blocking or\ncanceling any account in evidence of a criminal offence undertaken by the User.\nThe information provided will only be available to the provider at this time.<\/p>\n\n\n\n<p>CAMP DE CERVI\u00c0 DE LES GARRIGUES I SECCI\u00d3 DE\nCR\u00c8DIT SCCL will not transfer the data collected to third parties unless there\nis a reasonable need to comply with a legal procedure, legal obligation, or\nprior obtaining the User&#8217;s consent.<\/p>\n\n\n\n<p>The information that you provide us both through this website and through the application will be hosted on the servers of CAMP DE CERVI\u00c0 DE LES GARRIGUES I SECCI\u00d3 DE CR\u00c8DIT SCCL, contracted to the company OMA (hereinafter, OMA) with CIF B25830654 and fiscal address located in Arnald de Solsona, 6. The data processing of said entity is regulated by a contract regarding the processing between the provider and said company. In no case will this data processor subcontract services that involve any data processing by third parties without our prior consent.<\/p>\n\n\n\n<h2 class=\"wp-block-heading\"><strong>COMMUNICATIONS<\/strong><\/h2>\n\n\n\n<p>Any\ncommunication sent will be incorporated into the Information Systems of CAMP DE\nCERVI\u00c0 DE LES GARRIGUES I SECCI\u00d3 DE CR\u00c8DIT SCCL. By accepting these conditions,\nterms, and policies, the User expressly consents to CAMP DE CERVI\u00c0 DE LES\nGARRIGUES I SECCI\u00d3 DE CR\u00c8DIT SCCL carrying out the following activities and\/or\nactions, unless the User indicates otherwise:<\/p>\n\n\n\n<p>\u00b7 The sending of commercial and\/or\npromotional communications by any means enabled informing the Users of the\nactivities, services, promotions, advertising, news, offers, and other\ninformation about the services and products related to the activity.<\/p>\n\n\n\n<p>\u00b7 In the event that the User has expressly\nconsented to the sending of commercial communications electronically by\nsubscribing the NEWSLETTER, the sending of such communications by electronic\nmeans informing the Users of the activities, services, promotions, advertising,\nnews, offers, and other information about the services and products of CAMP DE\nCERVI\u00c0 DE LES GARRIGUES I SECCI\u00d3 DE CR\u00c8DIT SCCL equal or similar to those that\nwere originally the aim of the contract or interest by the User.<\/p>\n\n\n\n<p>\u00b7 The storage of personal data during the\nperiods provided in the applicable provisions.<\/p>\n\n\n\n<h2 class=\"wp-block-heading\"><strong>RIGHTS OF CONCERNED INDIVIDUALS<\/strong><\/h2>\n\n\n\n<p>As a concerned User, you can request to\nexercise the following rights before <strong>CAMP DE CERVI\u00c0 DE LES GARRIGUES I\nSECCI\u00d3 DE CR\u00c8DIT SCCL<\/strong>&nbsp; by submitting\na letter to the postal address located in the letterhead or by sending an email\nto <strong>coop@campdecervia.com<\/strong> indicating as Subject: &#8220;Data Protection &#8211;\nRIGHTS OF CONCERNED INDIVIDUALS&#8221;, and attaching a photocopy of your\nNational Identity Document (DNI) or any analogous document, as indicated by\nlaw.<\/p>\n\n\n\n<p><strong>Rights:<\/strong><\/p>\n\n\n\n<p>\u25cf <strong>Access rights:<\/strong> allows the\ninterested party to acknowledge and obtain information about their personal\ndata submitted to processing.<\/p>\n\n\n\n<p>\u25cf <strong>Right to rectification or deletion:<\/strong>\nit allows to correct errors and modify the data that proves to be inaccurate or\nincomplete.<\/p>\n\n\n\n<p>\u25cf <strong>Right to cancellation:<\/strong> allows data\nthat turns out to be inadequate or excessive to be deleted.<\/p>\n\n\n\n<p>\u25cf <strong>Right to opposition:<\/strong> the right of\nthe interested party to not carry out the processing of their personal data or\nto cease it.<\/p>\n\n\n\n<p>\u25cf <strong>Limitation of personal data\nprocessing:<\/strong> involves the marking of personal kept data, with the purpose of\nlimiting its\u2019 future processing.<\/p>\n\n\n\n<p>\u25cf <strong>Portability of the data:<\/strong>\nfacilitation of the data subject to processing to the interested party, so that\nhe or she can transmit it to another person in charge, without impediments.<\/p>\n\n\n\n<p>\u25cf <strong>The right not to be subject to\nautomated individual decisions (including the elaboration of profiles):<\/strong> the\nright not to be the subject of a decision based on automated processings that\nproduces effects or significantly affects the User.<\/p>\n\n\n\n<p>As a User, you have the right to withdraw\nconsent given at any time. The withdrawal of consent will not affect the\nlawfulness of the process carried out before the withdrawal of consent.<\/p>\n\n\n\n<p>You also have the right to submit a claim\nto the supervisory authority if you believe that your rights may have been\nviolated in relation to the protection of your personal data (agpd.es).<\/p>\n\n\n\n<h2 class=\"wp-block-heading\"><strong>STORAGE OF YOUR PERSONAL\nDATA<\/strong><\/h2>\n\n\n\n<p>Your data will be kept for the duration of\nthe commercial relationship with us or until you exercise your right to\ncancellation or opposition, or limitation to processing. However, we will keep\ncertain personal identification and traffic data for a maximum period of 2\nyears in case it is required by the Judges and Courts or to initiate internal\nactions derived from the improper use of the website.<\/p>\n\n\n\n<p>It will not be subject to decisions based\non automated processings that produce effects on your data.<\/p>\n\n\n\n<h2 class=\"wp-block-heading\"><strong>ADDITIONAL INFORMATION<\/strong><\/h2>\n\n\n\n<h3 class=\"wp-block-heading\"><strong>INFORMATION WE COLLECT:<\/strong><\/h3>\n\n\n\n<p>The data collected by the responsible party\nis the following:<\/p>\n\n\n\n<p>&#8211; Those that Users provide through the\ndifferent services offered on the website<\/p>\n\n\n\n<p>&#8211; Those included in the different forms\nprovided on the website<\/p>\n\n\n\n<p>&#8211; Data collected through\n&#8220;cookies&#8221; for browsing experience improvement as reported in the\ncookies policy.<\/p>\n\n\n\n<p>The refusal to supply the obligatory data\nwill result in the impossibility to minister to the particular request in\nquestion. You state that the information and data you provide us are accurate,\ncurrent and true. We ask that in case of modification, communicate such changes\nimmediately so that the information under process is updated at all times and\ndoes not contain errors.<\/p>\n\n\n\n<p>If you contract the service\/purchase the\nproduct through our website [LSSI_Web] we will ask you to provide us with\ninformation about you, including your name, contact information, and\ninformation about a credit or debit card.<\/p>\n\n\n\n<p>Through this Privacy Policy we inform you\nthat the photographs that are posted on the website are property of CAMP DE\nCERVI\u00c0 DE LES GARRIGUES I SECCI\u00d3 DE CR\u00c8DIT SCCL, including those of minors, of\nwhich, in order to obtain these, prior consent of the parent, tutors, or legal\nrepresentatives has been obtained by signing the forms made for that purpose by\nthe centers in which matters regarding minors are regulated. However, the\nparents, guardians, or representatives of minors, as holders of the exercise of\nrights of these, and always by previous formal requirement in writing, may\nindicate the refusal to use the image of the minor; in this case, the image\nwill be shown pixelated.<\/p>\n\n\n\n<h3 class=\"wp-block-heading\"><strong>SOCIAL NETWORKS<\/strong><\/h3>\n\n\n\n<p>We inform you that CAMP DE CERVI\u00c0 DE LES\nGARRIGUES I SECCI\u00d3 DE CR\u00c8DIT SCCL may have a presence on social networks. The\nprocessing of data that is carried out concerning the people who become\nfollowers on social networks (and\/or carry out any link or connection action\nthrough social networks) of the official pages of CAMP DE CERVI\u00c0 DE LES\nGARRIGUES I SECCI\u00d3 DE CR\u00c8DIT SCCL will be governed by this section, as well as\nthose conditions of use, privacy policies, and access regulations that belong\nto the social network that is appropriate in each case and previously accepted\nby the User.<\/p>\n\n\n\n<p>CAMP DE CERVI\u00c0 DE LES GARRIGUES I SECCI\u00d3 DE\nCR\u00c8DIT SCCL will process&nbsp; your data with\nthe purpose of correctly managing your presence on social networks, informing\nyou of the provider&#8217;s activities, products, or services, as well as for any\nother purpose that the regulations of the social networks allow.<\/p>\n\n\n\n<p>The publication of the following content is\nprohibited:<\/p>\n\n\n\n<p>&#8211; That are presumably unlawful by national,\ncommunity, or international regulations or that they carry out activities that\nare presumably unlawful or contravene the principles of good faith.<\/p>\n\n\n\n<p>&#8211; That threaten the fundamental rights of\npeople, lack courtesy in the network, annoy or may generate negative opinions\nto our Users or third parties and in general whatever the content that CAMP DE\nCERVI\u00c0 DE LES GARRIGUES I SECCI\u00d3 DE CR\u00c8DIT SCCL deems inappropriate.<\/p>\n\n\n\n<p>&#8211; In general that contravene the principles\nof legality, honesty, responsibility, protection of human dignity, protection\nof minors, protection of public order, protection of privacy, consumer\nprotection, and intellectual and industrial property rights.<\/p>\n\n\n\n<p>Likewise, CAMP DE CERVI\u00c0 DE LES GARRIGUES I\nSECCI\u00d3 DE CR\u00c8DIT SCCL reserves the right to remove, without notice from the\nwebsite or the corporate social network, those contents deemed inappropriate.<\/p>\n\n\n\n<p>Communications sent through social networks\nwill be incorporated into a file owned by CAMP DE CERVI\u00c0 DE LES GARRIGUES I\nSECCI\u00d3 DE CR\u00c8DIT SCCL, and may send you information of interest.<\/p>\n\n\n\n<p>You can access more information, as well as\nconsult the companies that are part of CAMP DE CERVI\u00c0 DE LES GARRIGUES I SECCI\u00d3\nDE CR\u00c8DIT SCCL, through the following link:\nwww.empresa.com\/politicadeprivacidad.<\/p>\n\n\n\n<p>In any case, if you send personal\ninformation through the social network, CAMP DE CERVI\u00c0 DE LES GARRIGUES I\nSECCI\u00d3 DE CR\u00c8DIT SCCL will be exempt from liability in relation to the security\nmeasures applicable to this platform, which is the Users\u2019 responsibility to\nknow, by checking the corresponding conditions particular to the network in\nquestion.<\/p>\n\n\n\n<h3 class=\"wp-block-heading\"><strong>SECURITY MEASURES:<\/strong><\/h3>\n\n\n\n<p>The information you provide will be\nprocessed confidentially. The Provider has adopted all the technical and\norganizational measures and all the levels of protection necessary to guarantee\nthe security in the processing of the data and to avoid its alteration, loss,\ntheft, processing or unauthorized access, according to the state of technology\nand nature of the stored data. Likewise, it is also guaranteed that the processing\nand registration in files, programs, systems or equipment, premises and centers\ncomply with the requirements and conditions of integrity and security\nestablished in the current regulations.<\/p>\n\n\n\n<h3 class=\"wp-block-heading\"><strong>LANGUAGE<\/strong><\/h3>\n\n\n\n<p>The language applicable to this Privacy Policy is Spanish. Therefore, in case there is any contradiction in any of the versions provided in other languages, the Spanish version will have prevalence.<\/p>\n\n\n\n<h3 class=\"wp-block-heading\"><strong>PUBLICATION OF YOUR TESTIMONIAL<\/strong><\/h3>\n\n\n\n<p>In the event that the User wants to publish\ntheir testimonial on the web, we inform you that the information provided will\nbe processed to address the proposed suggestions, experiences, or opinions\nregarding the products and\/or services to be published on the website and thus\nbe able to help other Users. The data will be kept as long as there is a mutual\ninterest to maintain the end of the agreement and when it is no longer necessary\nfor this purpose, it will be deleted with adequate security measures to\nguarantee the pseudonymization of the data or total destruction of the data.\nThe testimonials will be published on our website. The only personal data that\nwill be published about the testimonial will be the names.<\/p>\n\n\n\n<h2 class=\"wp-block-heading\"><strong>CHANGES IN THE PRESENT PRIVACY POLICY<\/strong><\/h2>\n\n\n\n<p>CAMP DE CERVI\u00c0 DE LES GARRIGUES I SECCI\u00d3 DE\nCR\u00c8DIT SCCL reserves the right to modify this policy to adapt it to new\nlegislation or jurisprudence dispositions (case law).<\/p>\n\n\n\n<h2 class=\"wp-block-heading\"><strong>LEGISLATION<\/strong><\/h2>\n\n\n\n<p>For all purposes, the relationship between\nCAMP DE CERVI\u00c0 DE LES GARRIGUES I SECCI\u00d3 DE CR\u00c8DIT SCCL and the Users of its\ntelematic services, present on this Website, are subject to the Spanish\nlegislation and jurisdiction to which the parties expressly submit, being\ncompetent for the resolution of all conflicts arising or related to their use\nthe Courts and Tribunals of Lleida.<\/p>\n","protected":false},"excerpt":{"rendered":"<p>Data Processor Company Name: CAMP DE CERVI\u00c0 DE LES GARRIGUES I SECCI\u00d3 DE CR\u00c8DIT SCCL (also the Provider) CIF: F25003625 Postal Address: c\/Albi, 83, 25460 Cervi\u00e0 de les Garrigues, (Lleida) E-mail: coop@campdecervia.com CAMP DE CERVI\u00c0 DE LES GARRIGUES I SECCI\u00d3 DE CR\u00c8DIT SCCL, as the Data Processor for the Website, in accordance with the provisions [&hellip;]<\/p>\n","protected":false},"author":1,"featured_media":0,"parent":0,"menu_order":0,"comment_status":"closed","ping_status":"closed","template":"","meta":{"_monsterinsights_skip_tracking":false,"_monsterinsights_sitenote_active":false,"_monsterinsights_sitenote_note":"","_monsterinsights_sitenote_category":0,"footnotes":""},"class_list":["post-2883","page","type-page","status-publish","hentry"],"_links":{"self":[{"href":"https:\/\/campdecervia.com\/en\/wp-json\/wp\/v2\/pages\/2883","targetHints":{"allow":["GET"]}}],"collection":[{"href":"https:\/\/campdecervia.com\/en\/wp-json\/wp\/v2\/pages"}],"about":[{"href":"https:\/\/campdecervia.com\/en\/wp-json\/wp\/v2\/types\/page"}],"author":[{"embeddable":true,"href":"https:\/\/campdecervia.com\/en\/wp-json\/wp\/v2\/users\/1"}],"replies":[{"embeddable":true,"href":"https:\/\/campdecervia.com\/en\/wp-json\/wp\/v2\/comments?post=2883"}],"version-history":[{"count":0,"href":"https:\/\/campdecervia.com\/en\/wp-json\/wp\/v2\/pages\/2883\/revisions"}],"wp:attachment":[{"href":"https:\/\/campdecervia.com\/en\/wp-json\/wp\/v2\/media?parent=2883"}],"curies":[{"name":"wp","href":"https:\/\/api.w.org\/{rel}","templated":true}]}}