{"id":2468,"date":"2019-07-11T10:13:47","date_gmt":"2019-07-11T10:13:47","guid":{"rendered":"https:\/\/campdecervia.com\/carrito\/"},"modified":"2024-09-05T15:26:16","modified_gmt":"2024-09-05T15:26:16","slug":"cart","status":"publish","type":"page","link":"https:\/\/campdecervia.com\/es\/cart\/","title":{"rendered":"Cistella"},"content":{"rendered":"\n\n<p>Entrega a pie de calle: se entregar\u00e1 el pedido a pie de calle, si vive en un bloque de pisos, se le entregar\u00e1 en el portal del edificio.&#13;\n<br\/>&#13;\nSi desea que la entrega sea puerta a puerta (en su domicilio), deber\u00e1n contactar con nosotros telef\u00f3nicamente al 973 17 80 06 o v\u00eda mail al <a href=\"mailto:coop@campdecervia.com\">coop@campdecervia.com<\/a> para calcular el coste del servicio con la empresa de reparto.<\/p>\n","protected":false},"excerpt":{"rendered":"<p>Entrega a pie de calle: se entregar\u00e1 el pedido a pie de calle, si vive en un bloque de pisos, se le entregar\u00e1 en el portal del edificio.&#13; &#13; Si desea que la entrega sea puerta a puerta (en su domicilio), deber\u00e1n contactar con nosotros telef\u00f3nicamente al 973 17 80 06 o v\u00eda mail al [&hellip;]<\/p>\n","protected":false},"author":1,"featured_media":0,"parent":0,"menu_order":0,"comment_status":"closed","ping_status":"closed","template":"","meta":{"_monsterinsights_skip_tracking":false,"_monsterinsights_sitenote_active":false,"_monsterinsights_sitenote_note":"","_monsterinsights_sitenote_category":0,"footnotes":""},"class_list":["post-2468","page","type-page","status-publish","hentry"],"_links":{"self":[{"href":"https:\/\/campdecervia.com\/es\/wp-json\/wp\/v2\/pages\/2468","targetHints":{"allow":["GET"]}}],"collection":[{"href":"https:\/\/campdecervia.com\/es\/wp-json\/wp\/v2\/pages"}],"about":[{"href":"https:\/\/campdecervia.com\/es\/wp-json\/wp\/v2\/types\/page"}],"author":[{"embeddable":true,"href":"https:\/\/campdecervia.com\/es\/wp-json\/wp\/v2\/users\/1"}],"replies":[{"embeddable":true,"href":"https:\/\/campdecervia.com\/es\/wp-json\/wp\/v2\/comments?post=2468"}],"version-history":[{"count":1,"href":"https:\/\/campdecervia.com\/es\/wp-json\/wp\/v2\/pages\/2468\/revisions"}],"predecessor-version":[{"id":7880,"href":"https:\/\/campdecervia.com\/es\/wp-json\/wp\/v2\/pages\/2468\/revisions\/7880"}],"wp:attachment":[{"href":"https:\/\/campdecervia.com\/es\/wp-json\/wp\/v2\/media?parent=2468"}],"curies":[{"name":"wp","href":"https:\/\/api.w.org\/{rel}","templated":true}]}}