{"id":2477,"date":"2019-07-11T10:38:27","date_gmt":"2019-07-11T10:38:27","guid":{"rendered":"https:\/\/campdecervia.com\/politica-de-privadesa\/"},"modified":"2020-01-03T09:04:31","modified_gmt":"2020-01-03T09:04:31","slug":"politica-de-privadesa","status":"publish","type":"page","link":"https:\/\/campdecervia.com\/es\/politica-de-privadesa\/","title":{"rendered":"Pol\u00edtica de privacidad"},"content":{"rendered":"\n<h2 class=\"wp-block-heading\"><strong>Introducci\u00f3n<\/strong><\/h2>\n\n\n\n<p>Su privacidad es importante para nosotros,\nas\u00ed que mediante este documento le explicamos qu\u00e9 datos recopilamos de los\nusuarios, como los utilizamos y para qu\u00e9, entre otras indicaciones. Los mayores\nde 14 a\u00f1os podr\u00e1n registrarse como usuarios sin el previo consentimiento de sus\npadres, tutores o representantes legales. En caso de menores de 14 a\u00f1os o\nidentificados como \u00abincapaces legalmente\u00bb, siempre necesitaremos del\nconsentimiento paterno, o del tutor\/a o representante legal.<\/p>\n\n\n\n<p>Para su informaci\u00f3n, nunca solicitaremos\nm\u00e1s informaci\u00f3n de la que realmente necesitaremos para los servicios\nrequeridos; nunca la compartiremos con terceros, excepto por obligaci\u00f3n legal o\ncon su autorizaci\u00f3n previa; y nunca utilizaremos sus datos para otra finalidad\nno indicada previamente.<\/p>\n\n\n\n<p>Como usuario, deber\u00e1 leer atentamente esta\npol\u00edtica de privacidad de manera regular, y siempre que introduzca sus datos\npersonales, ya que este documento puede sufrir modificaciones pues el prestador\npuede modificar cualquier tipo de informaci\u00f3n que pudiera aparecer en la web\npara cumplir con la normativa o actualizar la pol\u00edtica, y sin que exista la\nobligaci\u00f3n de pre-avisar o poner en conocimiento de los usuarios estas\nobligaciones, siendo suficientes la publicaci\u00f3n en el sitio web del prestador.<\/p>\n\n\n\n<p><strong>CAMP DE CERVI\u00c0 DE LES GARRIGUES I SECCI\u00d3\nDE CR\u00c8DIT SCCL<\/strong>, como responsable del Sitio web, de\nconformidad con lo que dispone el Reglamento (UE) 2016\/679 de 27 de abril de\n2016 (RGPD), Ley Org\u00e1nica 3\/2018 de 5 de diciembre (LOPDGDD) y dem\u00e1s normativa\nlegal vigente en materia de protecci\u00f3n de datos personales, y por la Ley\n34\/2002, de 11 de julio, de Servicios de la Sociedad de la Informaci\u00f3n y del\nComercio Electr\u00f3nico (LSSICE), le informa de que tiene implementadas las\nmedidas de seguridad necesarias, de \u00edndole t\u00e9cnica y organizativas, para\ngarantizar y proteger la confidencialidad, integridad y disponibilidad de los\ndatos introducidos.<\/p>\n\n\n\n<h2 class=\"wp-block-heading\"><strong>FINALIDAD\nDEL TRATAMIENTO<\/strong><\/h2>\n\n\n\n<p>Sus datos personales s\u00f3lo se utilizar\u00e1n\npara las siguientes finalidades:<\/p>\n\n\n\n<p>&#8211; Realizar las gestiones comerciales y\nadministrativas necesarias con los usuarios de la web;<\/p>\n\n\n\n<p>&#8211; Remitir las comunicaciones comerciales\npublicitarias por email, fax, SMS, MMS, comunidades sociales o cualquiera otro\nmedio electr\u00f3nico o f\u00edsico, en caso de que el Usuario haya consentido\nexpresamente al env\u00edo de comunicaciones comerciales por v\u00eda electr\u00f3nica\nmediante la suscripci\u00f3n de la NEWSLETTER;<\/p>\n\n\n\n<p>&#8211; Responder a las consultas y\/o\nproporcionar informaciones requeridas por el Usuario;<\/p>\n\n\n\n<p>&#8211; Realizar las prestaciones de servicios\ny\/o productos contratados o subscritos por el Usuario;<\/p>\n\n\n\n<p>&#8211; Utilizar sus datos para contactarle,\ntanto por v\u00eda electr\u00f3nica como no electr\u00f3nica, para obtener su opini\u00f3n sobre el\nservicio prestado y,<\/p>\n\n\n\n<p>&#8211; Notificarle cambios, desarrollos\nimportantes de la pol\u00edtica de privacidad, aviso legal o pol\u00edtica de cookies.<\/p>\n\n\n\n<p>&#8211; Se realizar\u00e1n an\u00e1lisis de perfiles y de\nusabilidad.<\/p>\n\n\n\n<p>&#8211; Los datos de clientes y\/o proveedores\nser\u00e1n tratados, dentro de la relaci\u00f3n contractual que les vincula con el\nresponsable, en cumplimiento de las obligaciones administrativas, fiscales,\ncontables y laborables que sean necesarias en virtud de la legislaci\u00f3n vigente.<\/p>\n\n\n\n<p>Puede revocar en cualquier momento su\nconsentimiento remitiendo un escrito con el asunto \u201cBaja\u201d a\ncoop@campdecervia.com.<\/p>\n\n\n\n<p>De acuerdo con la LSSICE, <strong>CAMP DE CERVI\u00c0\nDE LES GARRIGUES I SECCI\u00d3 DE CR\u00c8DIT SCCL<\/strong> no realiza pr\u00e1cticas de SPAM, por\nlo tanto, no env\u00eda correos comerciales por e-mail que no hayan sido previamente\nsolicitados o autorizados por el Usuario. En consecuencia, en todas las\ncomunicaciones que recibir\u00e1 del prestador, el usuario tiene la posibilidad de\ncancelar su consentimiento expreso para recibir nuestras comunicaciones.<\/p>\n\n\n\n<p>No trataremos sus datos personales para\nninguna otra finalidad de las descritas salvo por obligaci\u00f3n legal o\nrequerimiento judicial.<\/p>\n\n\n\n<h2 class=\"wp-block-heading\"><strong>LEGITIMACI\u00d3N\nDEL TRATAMIENTO<\/strong><\/h2>\n\n\n\n<p>La base legal para el tratamiento de los\ndatos es su consentimiento otorgado para llevar a cabo las finalidades\nanteriormente descritas, que se solicitar\u00e1 en el momento de marcado de la\ncasilla correspondiente a la hora de recoger sus datos.<\/p>\n\n\n\n<p>El no facilitar los datos personales\nsolicitados o el no aceptar la presente pol\u00edtica de protecci\u00f3n de datos supone\nla imposibilidad de subscribirse, registrarse o recibir informaci\u00f3n de los\nproductos y servicios del Prestador.<\/p>\n\n\n\n<p>En los casos en que exista una previa\nrelaci\u00f3n contractual entre las partes, la legitimaci\u00f3n para el desarrollo de\nlas obligaciones administrativas, fiscales, contables y laborales que sean\nnecesarias en virtud de la legislaci\u00f3n vigente ser\u00e1 la existencia previa de la\nrelaci\u00f3n comercial establecida entre las partes.<\/p>\n\n\n\n<h2 class=\"wp-block-heading\"><strong>DESTINATARIOS\nDE CESIONES O TRANSFERENCIAS<\/strong><\/h2>\n\n\n\n<p>CAMP DE CERVI\u00c0 DE LES GARRIGUES I SECCI\u00d3 DE\nCR\u00c8DIT SCCL no lleva a cabo ninguna cesi\u00f3n o comunicaci\u00f3n de datos salvo que\nexista necesidad razonable para cumplir con un procedimiento judicial,\nobligaci\u00f3n legal o previa obtenci\u00f3n del consentimiento del usuario.<\/p>\n\n\n\n<p>Tampoco se realizar\u00e1n transferencias\ninternacionales de sus datos de car\u00e1cter personal sin su consentimiento previo\nsin perjuicio de poder bloquear o cancelar su cuenta si puede haber indicios de\nla comisi\u00f3n de alg\u00fan delito por parte del usuario. La informaci\u00f3n facilitada\nser\u00e1 solamente la que disponga en este momento el prestador.<\/p>\n\n\n\n<p>CAMP DE CERVI\u00c0 DE LES GARRIGUES I SECCI\u00d3 DE\nCR\u00c8DIT SCCL no ceder\u00e1 los datos recogidos a terceros salvo que exista necesidad\nrazonable para cumplir con un procedimiento judicial, obligaci\u00f3n legal o previa\nobtenci\u00f3n del consentimiento del usuario.<\/p>\n\n\n\n<p>La informaci\u00f3n que usted nos proporcione tanto a trav\u00e9s de este sitio web como a trav\u00e9s de la aplicaci\u00f3n ser\u00e1 alojada en los servidores de CAMP DE CERVI\u00c0 DE LES GARRIGUES I SECCI\u00d3 DE CR\u00c8DIT SCCL, contratados a la empresa OMA (en adelante, OMA) con NIF B25830654 y ubicado en Carrer Arnald de Solsona, 6. El tratamiento de los datos de dicha entidad se encuentra regulado mediante un contrato de encargado del tratamiento entre el prestador y dicha empresa. En ning\u00fan caso este encargado del tratamiento subcontratar\u00e1 servicios que comporten alg\u00fan tratamiento de datos por terceros sin nuestro previo consentimiento.<\/p>\n\n\n\n<h2 class=\"wp-block-heading\"><strong>DERECHOS\nDE LAS PERSONAS INTERESADAS<\/strong><\/h2>\n\n\n\n<p>Como usuario-interesado, puede solicitar el\nejercicio de los siguientes derechos ante <strong>CAMP DE CERVI\u00c0 DE LES GARRIGUES I\nSECCI\u00d3 DE CR\u00c8DIT SCCL<\/strong> presentando un escrito a la direcci\u00f3n postal del\nencabezamiento o enviando un correo electr\u00f3nico a coop@campdecervia.com,\nindicando como Asunto: \u201cPROTECCI\u00d3N DE DATOS, EJERCICIO DERECHOS\u201d, y adjuntando\nfotocopia de su DNI o cualquier medio an\u00e1logo en derecho, tal y como indica la\nley.<\/p>\n\n\n\n<p><strong>Derechos:<\/strong><\/p>\n\n\n\n<p>\u2022 <strong>Derecho de acceso:<\/strong> permite al\ninteresado conocer y obtener informaci\u00f3n sobre sus datos de car\u00e1cter personal\nsometidos a tratamiento.<\/p>\n\n\n\n<p>\u2022 <strong>Derecho de rectificaci\u00f3n o supresi\u00f3n:<\/strong>\npermite corregir errores y modificar los datos que resulten ser inexactos o\nincompletos.<\/p>\n\n\n\n<p>\u2022 <strong>Derecho de cancelaci\u00f3n:<\/strong> permite\nque se supriman los datos que resulten ser inadecuados o excesivos.<\/p>\n\n\n\n<p>\u2022 <strong>Derecho de oposici\u00f3n:<\/strong> derecho del\ninteresado a que no se lleve a cabo el tratamiento de sus datos de car\u00e1cter\npersonal o se cese en el mismo.<\/p>\n\n\n\n<p>\u2022 <strong>Limitaci\u00f3n del tratamiento:<\/strong>\nconlleva el marcado de los datos personales conservados, con la finalidad de\nlimitar su futuro tratamiento.<\/p>\n\n\n\n<p>\u2022 <strong>Portabilidad de los datos:<\/strong>\nfacilitaci\u00f3n de los datos objeto de tratamiento al interesado, a fin de que\n\u00e9ste pueda transmitirlos a otro responsable, sin impedimentos.<\/p>\n\n\n\n<p>\u2022 <strong>Derecho a no ser objeto de decisiones\nindividuales automatizadas (incluida la elaboraci\u00f3n de perfiles):<\/strong> derecho a\nno ser objeto de una decisi\u00f3n basada en el tratamiento automatizado que\nproduzca efectos o afecte significativamente.<\/p>\n\n\n\n<p>Como usuario, tiene derecho a retirar el\nconsentimiento prestado en cualquier momento. La retirada del consentimiento no\nafectar\u00e1 a la licitud del tratamiento efectuado antes de la retirada del\nconsentimiento.<\/p>\n\n\n\n<p>Tambi\u00e9n tiene derecho a presentar una\nreclamaci\u00f3n ante la autoridad de control si considera que pueden haberse visto\nvulnerados sus derechos con relaci\u00f3n a la protecci\u00f3n de sus datos (www.aepd.es).<\/p>\n\n\n\n<h2 class=\"wp-block-heading\"><strong>CONSERVACI\u00d3N\nDE SUS DATOS<\/strong><\/h2>\n\n\n\n<p>Sus datos se conservar\u00e1n mientras dure la\nrelaci\u00f3n comercial con nosotros o ejercite su derecho de cancelaci\u00f3n u\noposici\u00f3n, o limitaci\u00f3n al tratamiento. Sin embargo, conservaremos determinados\ndatos personales identificativos y del tr\u00e1fico durante el plazo m\u00e1ximo de 2\na\u00f1os para el caso de que fuera requerido por los Jueces y Tribunales o para\nincoar acciones internas derivadas del uso indebido de la p\u00e1gina web.<\/p>\n\n\n\n<p>No ser\u00e1 objeto de decisiones basadas en\ntratamientos automatizados que produzcan efectos sobre sus datos.<\/p>\n\n\n\n<h2 class=\"wp-block-heading\"><strong>MEDIDAS DE SEGURIDAD<\/strong><\/h2>\n\n\n\n<p>Los datos que nos facilite se tratar\u00e1n de\nforma confidencial. El Prestador ha adoptado todas las medidas t\u00e9cnicas y\norganizativas y todos los niveles de protecci\u00f3n necesarios para garantizar la\nseguridad en el tratamiento de los datos y evitar su alteraci\u00f3n, p\u00e9rdida, robo,\ntratamiento o acceso no autorizado, de acuerdo el estado de la tecnolog\u00eda y\nnaturaleza de los datos almacenados. As\u00ed mismo, se garantiza tambi\u00e9n que el tratamiento\ny registro en ficheros, programas, sistemas o equipos, locales y centros\ncumplen con los requisitos y condiciones de integridad y seguridad establecidas\nen la normativa vigente.<\/p>\n\n\n\n<h2 class=\"wp-block-heading\"><strong>IDIOMA<\/strong><\/h2>\n\n\n\n<p>El idioma aplicable a esta Pol\u00edtica de\nPrivacidad es el espa\u00f1ol. Por tanto, en caso de que hubiera alguna\ncontradicci\u00f3n en alguna de las versiones facilitadas en otros idiomas,\nprevalecer\u00e1 la versi\u00f3n en espa\u00f1ol.<\/p>\n\n\n\n<h2 class=\"wp-block-heading\"><strong>INFORMACI\u00d3N QUE RECABAMOS:<\/strong><\/h2>\n\n\n\n<p>Los datos recogidos por parte del\nresponsable son los siguientes:<\/p>\n\n\n\n<p>&#8211; Aquellos que los usuarios suministren a\ntrav\u00e9s de los diferentes servicios ofrecidos en la p\u00e1gina web<\/p>\n\n\n\n<p>&#8211; Aquellos incluidos en los diferentes\nformularios previstos en la p\u00e1gina web<\/p>\n\n\n\n<p>&#8211; Datos recogidos a trav\u00e9s de las \u201ccookies\u201d\npara la mejora de la experiencia de la navegaci\u00f3n seg\u00fan se informa en la\npol\u00edtica de cookies.<\/p>\n\n\n\n<p>La negativa a suministrar los datos\nobligatorios supondr\u00e1 la imposibilidad de atender la concreta solicitud de que\nse trate. Usted manifiesta que la informaci\u00f3n y los datos que nos facilita son\nexactos, actuales y veraces. Le rogamos que en caso de modificaci\u00f3n, comunique\ninmediatamente la misma a fin de que la informaci\u00f3n en tratamiento est\u00e9 en todo\nmomento actualizada y no contenga errores.<\/p>\n\n\n\n<p>Si contrata el servicio\/compra el producto\nmediante nuestra p\u00e1gina web www.campdecervia.com le solicitaremos que nos\nproporcione informaci\u00f3n sobre usted, incluidos su nombre, datos de contacto e\ninformaci\u00f3n sobre una tarjeta de cr\u00e9dito o de d\u00e9bito.<\/p>\n\n\n\n<p>A trav\u00e9s de esta Pol\u00edtica de Privacidad le\ninformamos que las fotograf\u00edas que est\u00e9n colgadas en la web son propiedad de <strong>CAMP\nDE CERVI\u00c0 DE LES GARRIGUES I SECCI\u00d3 DE CR\u00c8DIT SCCL<\/strong>, incluyendo las de los\nmenores, en las que, para la obtenci\u00f3n de estas, se ha obtenido el\nconsentimiento previo de los padres, tutores o representantes legales mediante\nla firma de los formularios realizados al efecto por los centros en los cuales\nlos menores forman parte. Sin embargo, los padres, tutores o representantes de\nlos menores, como titulares del ejercicio de los derechos de estos, y siempre\nprevio requerimiento formal por escrito, pueden indicar la negativa al uso de\nla imagen del menor; en este caso, la imagen se mostrar\u00e1 pixelada.<\/p>\n\n\n\n<h2 class=\"wp-block-heading\"><strong>REDES SOCIALES <\/strong><\/h2>\n\n\n\n<p>Le informamos que <strong>CAMP DE CERVI\u00c0 DE LES\nGARRIGUES I SECCI\u00d3 DE CR\u00c8DIT SCCL<\/strong> puede tener presencia en redes sociales.\nEl tratamiento de los datos que se lleve a cabo de las personas que se hagan\nseguidoras en las redes sociales (y\/o realicen cualquier v\u00ednculo o acci\u00f3n de\nconexi\u00f3n a trav\u00e9s de las redes sociales) de las p\u00e1ginas oficiales de <strong>CAMP DE\nCERVI\u00c0 DE LES GARRIGUES I SECCI\u00d3 DE CR\u00c8DIT SCCL<\/strong> se regir\u00e1 por este\napartado, as\u00ed como por aquellas condiciones de uso, pol\u00edticas de privacidad y\nnormativas de acceso que pertenezcan a la red social que proceda en cada caso y\naceptadas previamente por el usuario.<\/p>\n\n\n\n<p>CAMP DE CERVI\u00c0 DE LES GARRIGUES I SECCI\u00d3 DE\nCR\u00c8DIT SCCL tratar\u00e1 sus datos con las finalidades de administrar correctamente\nsu presencia en la red social, inform\u00e1ndole de actividades, productos o\nservicios del prestador, as\u00ed como para cualquier otra finalidad que las\nnormativas de las Redes Sociales permitan.<\/p>\n\n\n\n<p>Queda prohibida la publicaci\u00f3n de\ncontenidos:<\/p>\n\n\n\n<p>&#8211; Que sean presuntamente il\u00edcitos por la\nnormativa nacional, comunitaria o internacional o que realicen actividades\npresuntamente il\u00edcitas o contravengan los principios de la buena fe.<\/p>\n\n\n\n<p>&#8211; Que atenten contra los derechos\nfundamentales de las personas, falten a la cortes\u00eda en la red, molesten o\npuedan generar opiniones negativas en nuestros usuarios o terceros y en general\ncualesquiera sean los contenidos que <strong>CAMP DE CERVI\u00c0 DE LES GARRIGUES I\nSECCI\u00d3 DE CR\u00c8DIT SCCL<\/strong> considere inapropiados.<\/p>\n\n\n\n<p>&#8211; Y en general que contravengan los\nprincipios de legalidad, honradez, responsabilidad, protecci\u00f3n de la dignidad\nhumana, protecci\u00f3n de menores, protecci\u00f3n del orden p\u00fablico, la protecci\u00f3n de\nla vida privada, la protecci\u00f3n del consumidor y los derechos de propiedad\nintelectual e industrial.<\/p>\n\n\n\n<p>Asimismo, CAMP DE CERVI\u00c0 DE LES GARRIGUES I\nSECCI\u00d3 DE CR\u00c8DIT SCCL se reserva la potestad de retirar, sin previo aviso del\nsitio web o de la red social corporativa aquellos contenidos que se consideren\ninapropiados.<\/p>\n\n\n\n<p>Las comunicaciones remitidas a trav\u00e9s de\nlas redes sociales ser\u00e1n incorporadas a un archivo propiedad de CAMP DE CERVI\u00c0\nDE LES GARRIGUES I SECCI\u00d3 DE CR\u00c8DIT SCCL, pudi\u00e9ndole enviar informaci\u00f3n de su\ninter\u00e9s.<\/p>\n\n\n\n<p>Puede acceder a m\u00e1s informaci\u00f3n, as\u00ed como\nconsultar las empresas que forman parte de <strong>CAMP DE CERVI\u00c0 DE LES GARRIGUES I\nSECCI\u00d3 DE CR\u00c8DIT SCCL<\/strong>, mediante el siguiente enlace:\nwww.campdecervia.com\/politicadeprivacidad.<\/p>\n\n\n\n<p>En todo caso, si Vd. remite informaci\u00f3n personal a trav\u00e9s de la red social, CAMP DE CERVI\u00c0 DE LES GARRIGUES I SECCI\u00d3 DE CR\u00c8DIT SCCL quedar\u00e1 exento de responsabilidad en relaci\u00f3n a las medidas de seguridad aplicables a la presente plataforma, debiendo el usuario en caso de querer conocerlas, consultar las correspondientes condiciones particulares de la red en cuesti\u00f3n.<\/p>\n\n\n\n<p><strong>PUBLICACI\u00d3N DE SU TESTIMONIO<\/strong><\/p>\n\n\n\n<p>En el supuesto de que el usuario quiera\npublicar su opini\u00f3n en la web, le informamos que los datos aportados ser\u00e1n\ntratados ser\u00e1n para atender las sugerencias propuestas, experiencias u\nopiniones respecto de los productos y\/o servicios para ser publicadas en la\np\u00e1gina web y as\u00ed poder ayudar a otros usuarios. Los datos se conservar\u00e1n\nmientras haya un inter\u00e9s mutuo para mantener el fin del tratamiento y cuando ya\nno sea necesario para tal fin, se suprimir\u00e1n con medidas de seguridad adecuadas\npara garantizar la seudonimizaci\u00f3n de los datos o destrucci\u00f3n total de los\nmismos. Los testigos se publicar\u00e1n en nuestra p\u00e1gina web. El \u00fanico dato\npersonal que se publicar\u00e1 del testigo ser\u00e1 su nombre.<\/p>\n\n\n\n<h2 class=\"wp-block-heading\"><strong>CAMBIOS EN LA PRESENTE POL\u00cdTICA DE\nPRIVACIDAD<\/strong><\/h2>\n\n\n\n<p><strong>CAMP DE CERVI\u00c0 DE LES GARRIGUES I SECCI\u00d3\nDE CR\u00c8DIT SCCL<\/strong> se reserva el derecho a modificar la\npresente pol\u00edtica para adaptarla a novedades legislativas o jurisprudenciales.<\/p>\n\n\n\n<h2 class=\"wp-block-heading\"><strong>REVOCABILIDAD<\/strong><\/h2>\n\n\n\n<p>El consentimiento prestado, tanto para el\ntratamiento como para la cesi\u00f3n de los datos de los interesados, es revocable\nen cualquier momento comunic\u00e1ndolo aCAMP DE CERVI\u00c0 DE LES GARRIGUES I SECCI\u00d3 DE\nCR\u00c8DIT SCCL en los t\u00e9rminos establecidos en esta Pol\u00edtica para el ejercicio de\nlos derechos. Esta revocaci\u00f3n en ning\u00fan caso tendr\u00e1 car\u00e1cter retroactivo.<\/p>\n\n\n\n<h2 class=\"wp-block-heading\"><strong>LEGISLACI\u00d3N<\/strong><\/h2>\n\n\n\n<p>A todos los efectos las relaciones entre <strong>CAMP\nDE CERVI\u00c0 DE LES GARRIGUES I SECCI\u00d3 DE CR\u00c8DIT SCCL<\/strong> con los Usuarios de sus\nservicios telem\u00e1ticos, presentes en esta Web, est\u00e1n sometidos a la legislaci\u00f3n\ny jurisdicci\u00f3n espa\u00f1ola a la que se someten expresamente las partes, siendo\ncompetentes por la resoluci\u00f3n de todos los conflictos derivados o relacionados\ncon su uso los Juzgados y Tribunales de Lleida.<\/p>\n","protected":false},"excerpt":{"rendered":"<p>Introducci\u00f3n Su privacidad es importante para nosotros, as\u00ed que mediante este documento le explicamos qu\u00e9 datos recopilamos de los usuarios, como los utilizamos y para qu\u00e9, entre otras indicaciones. Los mayores de 14 a\u00f1os podr\u00e1n registrarse como usuarios sin el previo consentimiento de sus padres, tutores o representantes legales. En caso de menores de 14 [&hellip;]<\/p>\n","protected":false},"author":1,"featured_media":0,"parent":0,"menu_order":0,"comment_status":"closed","ping_status":"closed","template":"","meta":{"_monsterinsights_skip_tracking":false,"_monsterinsights_sitenote_active":false,"_monsterinsights_sitenote_note":"","_monsterinsights_sitenote_category":0,"footnotes":""},"class_list":["post-2477","page","type-page","status-publish","hentry"],"_links":{"self":[{"href":"https:\/\/campdecervia.com\/es\/wp-json\/wp\/v2\/pages\/2477","targetHints":{"allow":["GET"]}}],"collection":[{"href":"https:\/\/campdecervia.com\/es\/wp-json\/wp\/v2\/pages"}],"about":[{"href":"https:\/\/campdecervia.com\/es\/wp-json\/wp\/v2\/types\/page"}],"author":[{"embeddable":true,"href":"https:\/\/campdecervia.com\/es\/wp-json\/wp\/v2\/users\/1"}],"replies":[{"embeddable":true,"href":"https:\/\/campdecervia.com\/es\/wp-json\/wp\/v2\/comments?post=2477"}],"version-history":[{"count":0,"href":"https:\/\/campdecervia.com\/es\/wp-json\/wp\/v2\/pages\/2477\/revisions"}],"wp:attachment":[{"href":"https:\/\/campdecervia.com\/es\/wp-json\/wp\/v2\/media?parent=2477"}],"curies":[{"name":"wp","href":"https:\/\/api.w.org\/{rel}","templated":true}]}}