{"id":2874,"date":"2019-07-11T10:38:27","date_gmt":"2019-07-11T10:38:27","guid":{"rendered":"https:\/\/campdecervia.com\/politica-de-galetes\/"},"modified":"2020-01-03T08:40:00","modified_gmt":"2020-01-03T08:40:00","slug":"politica-de-galetes","status":"publish","type":"page","link":"https:\/\/campdecervia.com\/es\/politica-de-galetes\/","title":{"rendered":"Pol\u00edtica de cookies"},"content":{"rendered":"\n<p>La web de CAMP DE\nCERVI\u00c0 DE LES GARRIGUES I SECCI\u00d3 DE CR\u00c8DIT SCCL utiliza cookies propias y de\nterceros. Una cookie es un fichero que se descarga en su ordenador al acceder a\ndeterminadas p\u00e1ginas web, entre otras finalidades, asegurar el correcto funcionamiento\nde la p\u00e1gina, permitir al Usuario un acceso m\u00e1s r\u00e1pido a los servicios\nseleccionados, almacenar y recuperar informaci\u00f3n sobre los h\u00e1bitos de\nnavegaci\u00f3n de un usuario o de su equipo e incluso, dependiendo de la\ninformaci\u00f3n que contengan y de la forma en que utilice su equipo, se pueden\nutilizar para reconocer al usuario. Las cookies se asocian \u00fanicamente a un\nusuario an\u00f3nimo y su ordenador o dispositivo y no proporcionan referencias que\npermitan conocer sus datos personales., salvo permiso expreso de aqu\u00e9l.<\/p>\n\n\n\n<p>El usuario puede,\nen todo momento, aceptar o rechazar las cookies instaladas que no sean\nestrictamente ncesarias para el correcto funcionamiento de la web y el acceso\nal Usuario a sus servicios, a trav\u00e9s del panel de ajuste de cookies\nproporcionado en nuestra web. Asimismo podr\u00e1 configurar su navegador en todo\nmomento sin que ello perjudique la posibilidad del Usuario de acceder a los\ncontenidos. Sin embargo le informamos de que el rechazo de las cookies puede\ndisminuir el buen funcionamiento de la web.<\/p>\n\n\n\n<h2 class=\"wp-block-heading\"><strong>COOKIES AFECTADAS POR LA NORMATIVA Y COOKIES EXENTAS<\/strong><\/h2>\n\n\n\n<p>Seg\u00fan la\ndirectiva de la UE, las cookies que requieren el consentimiento informado por\nparte del usuario son las cookies de anal\u00edtica,&nbsp;\nlas de publicidad y afiliaci\u00f3n, quedando exceptuadas las de car\u00e1cter\nt\u00e9cnico y las necesarias para el funcionamiento del sitio web o la prestaci\u00f3n\nde servicios expresamente demandados por el usuario.<\/p>\n\n\n\n<h2 class=\"wp-block-heading\"><strong>TIPOS\nDE COOKIES<\/strong><\/h2>\n\n\n\n<p>a) Seg\u00fan la <strong>entidad que las gestione<\/strong>, hay Cookies <strong>propias<\/strong>\n(aquellas que se env\u00edan al equipo terminal del usuario desde un equipo o\ndominio gestionado por el propio editor y desde el que se presta el servicio\nSolicitado por el usuario) y de <strong>terceros<\/strong> ((las que se env\u00edan al equipo\nterminal del usuario desde un equipo o dominio que no es gestionado por el editor,\nsino por otra entidad que trata los datos obtenidos mediante las galletas).<\/p>\n\n\n\n<p>b) Seg\u00fan el <strong>tiempo que permanecen activas<\/strong>, existen las de <strong>sesi\u00f3n<\/strong>\n(dise\u00f1adas para recabar y almacenar datos mientras el usuario accede a una\np\u00e1gina web) y las <strong>persistentes<\/strong> (en las que los datos se almacenan en el\nterminal y pueden ser accedidos y tratados durante un periodo definido por el\nresponsable de la cookie -puede ir de unos minutos a varios a\u00f1os-).<\/p>\n\n\n\n<p>c) Seg\u00fan la <strong>finalidad<\/strong> para la que traten la informaci\u00f3n que\nrecopilan, pueden ser:<\/p>\n\n\n\n<p>&#8211; <strong>Cookies t\u00e9cnicas<\/strong> (necesarias para el uso de la web y la\nprestaci\u00f3n del servicio contratado), <\/p>\n\n\n\n<p>&#8211; <strong>Cookies de personalizaci\u00f3n<\/strong> (que permiten al usuario acceder\nal servicio con caracter\u00edsticas predefinidas, como por ejemplo el idioma, tipo\nde navegador, configuraci\u00f3n regional, etc.)<\/p>\n\n\n\n<p>&#8211; <strong>Cookies de an\u00e1lisis<\/strong> (recogen informaci\u00f3n el uso que se\nrealiza de la web),<\/p>\n\n\n\n<p>&#8211; <strong>Cookies publicitarias<\/strong> (recogen informaci\u00f3n sobre las\npreferencias y elecciones personales de los usuarios),<\/p>\n\n\n\n<p>&#8211; <strong>Cookies de afiliados<\/strong> (permiten realizar un seguimiento de\nlas visitas procedentes de otras webs, con las que el sitio web establece un\ncontrato de afiliaci\u00f3n).<\/p>\n\n\n<div id=\"clickdatos\">\n<div id=\"listadodecookies\">\n<table style=\"border: 1px solid black;\">\n<tbody>\n<tr align=\"center\">\n<td style=\"border: 1px solid black;\">Nombre<\/td>\n<td style=\"border: 1px solid black;\">Categoria<\/td>\n<td style=\"border: 1px solid black;\">Descripci\u00f3n<\/td>\n<td style=\"border: 1px solid black;\">Propiedad<\/td>\n<td style=\"border: 1px solid black;\">Duraci\u00f3n<\/td>\n<\/tr>\n<tr id=\"_ga\" align=\"center\">\n<td style=\"border: 1px solid black;\">_ga<\/td>\n<td style=\"border: 1px solid black;\">An\u00e1lisis<\/td>\n<td style=\"border: 1px solid black;\">Se usa para distinguir a los usuarios.<\/td>\n<td style=\"border: 1px solid black;\">Terceros<\/td>\n<td style=\"border: 1px solid black;\">2 a\u00f1os<\/td>\n<\/tr>\n<tr id=\"wordpress_\" align=\"center\">\n<td style=\"border: 1px solid black;\">wordpress_<\/td>\n<td style=\"border: 1px solid black;\">Funcionalidad<\/td>\n<td style=\"border: 1px solid black;\">Se activa durante el login y guarda los detalles de autentificaci\u00f3n.<\/td>\n<td style=\"border: 1px solid black;\">Propia<\/td>\n<td style=\"border: 1px solid black;\">1 a\u00f1o<\/td>\n<\/tr>\n<tr id=\"wordpress_logged_in_\" align=\"center\">\n<td style=\"border: 1px solid black;\">wordpress_logged_in_<\/td>\n<td style=\"border: 1px solid black;\">Funcionalidad<\/td>\n<td style=\"border: 1px solid black;\">Se activa durante el login y guarda los detalles de autentificaci\u00f3n.<\/td>\n<td style=\"border: 1px solid black;\">Propia<\/td>\n<td style=\"border: 1px solid black;\">1 a\u00f1o<\/td>\n<\/tr>\n<tr id=\"wp-settings-\" align=\"center\">\n<td style=\"border: 1px solid black;\">wp-settings-<\/td>\n<td style=\"border: 1px solid black;\">Funcionalidad<\/td>\n<td style=\"border: 1px solid black;\">Sirve para personalizar la Interfaz de Usuario.<\/td>\n<td style=\"border: 1px solid black;\">Propia<\/td>\n<td style=\"border: 1px solid black;\">1 a\u00f1o<\/td>\n<\/tr>\n<tr id=\"wp-settings-time-\" align=\"center\">\n<td style=\"border: 1px solid black;\">wp-settings-time-<\/td>\n<td style=\"border: 1px solid black;\">Funcionalidad<\/td>\n<td style=\"border: 1px solid black;\">Sirve para personalizar la Interfaz de Usuario.<\/td>\n<td style=\"border: 1px solid black;\">Propia<\/td>\n<td style=\"border: 1px solid black;\">Finalizaci\u00f3n de la sesi\u00f3n<\/td>\n<\/tr>\n<tr id=\"woocommerce_cart_hash\" align=\"center\">\n<td style=\"border: 1px solid black;\">woocommerce_cart_hash<\/td>\n<td style=\"border: 1px solid black;\">An\u00e1lisis<\/td>\n<td style=\"border: 1px solid black;\">Contiene informaci\u00f3n sobre el carrito en su totalidad y ayuda a WooCommerce a saber cu\u00e1ndo cambian los datos del carrito.<\/td>\n<td style=\"border: 1px solid black;\">Propia<\/td>\n<td style=\"border: 1px solid black;\">30 d\u00edas<\/td>\n<\/tr>\n<tr id=\"woocommerce_items_in_cart\" align=\"center\">\n<td style=\"border: 1px solid black;\">woocommerce_items_in_cart<\/td>\n<td style=\"border: 1px solid black;\">Funcionalidad<\/td>\n<td style=\"border: 1px solid black;\">Contiene informaci\u00f3n sobre el carrito en su totalidad y ayuda a WooCommerce a saber cu\u00e1ndo cambian los datos del carrito.<\/td>\n<td style=\"border: 1px solid black;\">Propia<\/td>\n<td style=\"border: 1px solid black;\">30 d\u00edas<\/td>\n<\/tr>\n<tr id=\"wp_woocommerce_session_\" align=\"center\">\n<td style=\"border: 1px solid black;\">wp_woocommerce_session_<\/td>\n<td style=\"border: 1px solid black;\">Funcionalidad<\/td>\n<td style=\"border: 1px solid black;\">Contiene un c\u00f3digo \u00fanico para cada cliente para que sepa d\u00f3nde encontrar los datos del carrito en la base de datos.<\/td>\n<td style=\"border: 1px solid black;\">Propia<\/td>\n<td style=\"border: 1px solid black;\">30 d\u00edas<\/td>\n<\/tr>\n<tr id=\"redux_current_tab\" align=\"center\">\n<td style=\"border: 1px solid black;\">redux_current_tab<\/td>\n<td style=\"border: 1px solid black;\">Funcionalidad<\/td>\n<td style=\"border: 1px solid black;\">Desconocemos el origen de la cookie<\/td>\n<td style=\"border: 1px solid black;\">Terceros<\/td>\n<td style=\"border: 1px solid black;\">Desconocemos el origen de la cookie<\/td>\n<\/tr>\n<tr id=\"redux_current_tab_get\" align=\"center\">\n<td style=\"border: 1px solid black;\">redux_current_tab_get<\/td>\n<td style=\"border: 1px solid black;\">Funcionalidad<\/td>\n<td style=\"border: 1px solid black;\">Desconocemos el origen de la cookie<\/td>\n<td style=\"border: 1px solid black;\">Terceros<\/td>\n<td style=\"border: 1px solid black;\">Desconocemos el origen de la cookie<\/td>\n<\/tr>\n<tr id=\"_icl_current_language\" align=\"center\">\n<td style=\"border: 1px solid black;\">_icl_current_language<\/td>\n<td style=\"border: 1px solid black;\">Funcionalidad<\/td>\n<td style=\"border: 1px solid black;\">Desconocemos el origen de la cookie<\/td>\n<td style=\"border: 1px solid black;\">Terceros<\/td>\n<td style=\"border: 1px solid black;\">Desconocemos el origen de la cookie<\/td>\n<\/tr>\n<tr id=\"tk_ai\" align=\"center\">\n<td style=\"border: 1px solid black;\">tk_ai<\/td>\n<td style=\"border: 1px solid black;\">Funcionalidad<\/td>\n<td style=\"border: 1px solid black;\">Desconocemos el origen de la cookie<\/td>\n<td style=\"border: 1px solid black;\">Terceros<\/td>\n<td style=\"border: 1px solid black;\">Desconocemos el origen de la cookie<\/td>\n<\/tr>\n<tr id=\"_icl_current_admin_language_d41d8cd98f00b204e9800998ecf8427e\" align=\"center\">\n<td style=\"border: 1px solid black;\">_icl_current_admin_language_d41d8cd98f00b204e9800998ecf8427e<\/td>\n<td style=\"border: 1px solid black;\">Funcionalidad<\/td>\n<td style=\"border: 1px solid black;\">Desconocemos el origen de la cookie<\/td>\n<td style=\"border: 1px solid black;\">Terceros<\/td>\n<td style=\"border: 1px solid black;\">Desconocemos el origen de la cookie<\/td>\n<\/tr>\n<\/tbody>\n<\/table>\n<\/div>\n<\/div>\n\n\n<p>Mientras navega por nuestra web, pueden almacenarse en su navegador las cookies de nuestras redes sociales. A continuaci\u00f3n, le indicamos los enlaces sobre las cookies de las redes sociales que utilizamos en esta web:<\/p>\n\n\n\n<ul class=\"wp-block-list\"><li>Facebook, <a href=\"https:\/\/es-es.facebook.com\/policies\/cookies\/\">pol\u00edtica de cookies<\/a><\/li><li>Instagram, <a href=\"https:\/\/es-es.facebook.com\/policies\/cookies\/\">pol\u00edtica de cookies<\/a><\/li><\/ul>\n\n\n\n<h2 class=\"wp-block-heading\"><strong>REVOCACI\u00d3N<\/strong><\/h2>\n\n\n\n<p>En todo momento\npodr\u00e1 acceder a la configuraci\u00f3n de su navegador aceptando o rechazando todas\nlas cookies, o bien seleccionar aqu\u00e9llas cuya instalaci\u00f3n admite y cu\u00e1les no,\nsiguiendo uno de los siguientes procedimientos, que depende del navegador que\nutilice:<\/p>\n\n\n\n<p><strong>Google Chrome<\/strong> (en el Men\u00fa Herramientas):<\/p>\n\n\n\n<p>Configuraci\u00f3n &gt; Mostrar opciones\navanzadas &gt; Privacidad (Configuraci\u00f3n de contenido) &gt; Cookies:\nhttps:\/\/support.google.com\/chrome\/answer\/95647?co=GENIE.Platform%3DDesktopandhl=es<\/p>\n\n\n\n<p><strong>Microsoft\nInternet Explorer<\/strong> (en el Men\u00fa Herramientas):<\/p>\n\n\n\n<p>Opciones de Internet &gt; Privacidad &gt;\nAvanzada:\nhttps:\/\/support.microsoft.com\/es-es\/help\/17442\/windows-internet-explorer-delete-manage-cookies<\/p>\n\n\n\n<p><strong>Firefox:<\/strong><\/p>\n\n\n\n<p>Opciones &gt; Privacidad &gt; Cookies:\nhttps:\/\/support.mozilla.org\/es\/kb\/habilitar-y-deshabilitar-cookies-sitios-web-rastrear-preferencias<\/p>\n\n\n\n<p><strong>Safari, iPad y\niPhone:<\/strong><\/p>\n\n\n\n<p>Preferencias &gt; Privacidad:\nhttps:\/\/support.apple.com\/kb\/ph21411?locale=es_ES<\/p>\n\n\n\n<p><strong>Opera:<\/strong><\/p>\n\n\n\n<p>Configuraci\u00f3n &gt; Opciones &gt; Avanzado\n&gt; Cookies: http:\/\/help.opera.com\/Windows\/12.00\/es-ES\/cookies.html<\/p>\n\n\n\n<p>Estos navegadores\nest\u00e1n sometidos a actualizaciones o modificaciones, por lo que no podemos\ngarantizar que se ajusten completamente a la versi\u00f3n de su navegador. Tambi\u00e9n\npuede ser que utilice otro navegador no contemplado en estos enlaces como\nKonqueror, Arora, Flock, etc. Para evitar estos desajustes, puede acceder\ndirectamente desde las opciones de su navegador, generalmente en el men\u00fa de\n\u00abOpciones\u00bb en la secci\u00f3n de \u00abPrivacidad\u00bb. (Por favor,\nconsulte la ayuda de su navegador para m\u00e1s informaci\u00f3n).<\/p>\n\n\n\n<h2 class=\"wp-block-heading\"><strong>DESACTIVACI\u00d3N\/ACTIVACI\u00d3N\nY ELIMINACI\u00d3N DE COOKIES<\/strong><\/h2>\n\n\n\n<p>Para restringir o\nbloquear las cookies, se hace a trav\u00e9s de la configuraci\u00f3n del navegador.<\/p>\n\n\n\n<p>Si no desea que\nlos sitios web pongan ninguna cookie en su equipo, puede adaptar la\nconfiguraci\u00f3n del navegador de modo que se le notifique antes de que se coloque\nninguna cookie. De igual modo, puede adaptar la configuraci\u00f3n de forma que el\nnavegador rechace todas las cookies, o \u00fanicamente las cookies de terceros.\nTambi\u00e9n puede eliminar cualquiera de las cookies que ya se encuentren en el\nequipo. Tenga en cuenta que tendr\u00e1 que adaptar por separado la configuraci\u00f3n de\ncada navegador y equipo que utilice.<\/p>\n\n\n\n<p>Tenga en cuenta\nque si no desea recibir cookies, ya no podremos garantizar que nuestro sitio\nweb funcione debidamente. Puede que algunas funciones del sitio se pierdan y es\nposible que ya no pueda ver ciertos sitios web. Adem\u00e1s, rechazar las cookies no\nsignifica que ya no vaya a ver anuncios publicitarios. Simplemente los anuncios\nno se ajustar\u00e1n a sus intereses y se repetir\u00e1n con m\u00e1s frecuencia.<\/p>\n\n\n\n<p>Cada navegador\nposee un m\u00e9todo distinto para adaptar la configuraci\u00f3n. Si fuera necesario,\nconsulte la funci\u00f3n de ayuda del navegador para establecer la configuraci\u00f3n\ncorrecta.<\/p>\n\n\n\n<p>Para desactivar\nlas cookies en el tel\u00e9fono m\u00f3vil, consulte el manual del dispositivo para\nobtener m\u00e1s informaci\u00f3n.<\/p>\n\n\n\n<p>Puede obtener m\u00e1s\ninformaci\u00f3n sobre las cookies en Internet, http:\/\/www.aboutcookies.org\/.<\/p>\n\n\n\n<p>Teniendo en\ncuenta la forma en la que funciona Internet y los sitios web, no siempre\ncontamos con informaci\u00f3n de las cookies que colocan terceras partes a trav\u00e9s de\nnuestro sitio web. Esto se aplica especialmente a casos en los que nuestra\np\u00e1gina web contiene lo que se denominan elementos integrados: textos,\ndocumentos, im\u00e1genes o breves pel\u00edculas que se almacenan en otra parte, pero se\nmuestran en nuestro sitio web o a trav\u00e9s del mismo.<\/p>\n\n\n\n<p>Por consiguiente,\nen caso de que se encuentre con este tipo de cookies en este sitio web y no\nest\u00e9n enumeradas en la lista anterior, le rogamos que nos lo comunique. O bien\np\u00f3ngase en contacto directamente con el tercero para pedirle informaci\u00f3n sobre\nlas cookies que coloca, la finalidad y la duraci\u00f3n de la cookie, y c\u00f3mo ha\ngarantizado su privacidad.<\/p>\n\n\n\n<h2 class=\"wp-block-heading\"><strong>INFORMACI\u00d3N\nRELACIONADA CON EL TRATAMIENTO DE DATOS PERSONALES (ART.13 RGPD)<\/strong><\/h2>\n\n\n\n<h3 class=\"wp-block-heading\"><strong>\u00bfQui\u00e9n\nes el responsable del tratamiento de sus datos personales?<\/strong><\/h3>\n\n\n\n<p>CAMP DE CERVI\u00c0 DE\nLES GARRIGUES I SECCI\u00d3 DE CR\u00c8DIT SCCLes el responsable del tratamiento de los\ndatos personales que usted nos proporciona, sito en c\/Albi, 83, 25460 Cervi\u00e0 de\nles Garrigues, (Lleida) y con CIF F25003625&nbsp;\nTel\u00e9fono 973178006 y mail de contacto coop@campdecervia.com. <\/p>\n\n\n\n<p>Si no desea que\nlos sitios web pongan ninguna cookie en su equipo, puede adaptar la\nconfiguraci\u00f3n del navegador de modo que se le notifique antes de que se coloque\nninguna cookie. De igual modo, puede adaptar la configuraci\u00f3n de forma que el\nnavegador rechace todas las cookies, o \u00fanicamente las cookies de terceros.\nTambi\u00e9n puede eliminar cualquiera de las cookies que ya se encuentren en el\nequipo. Tenga en cuenta que tendr\u00e1 que adaptar por separado la configuraci\u00f3n de\ncada navegador y equipo que utilice.<\/p>\n\n\n\n<h3 class=\"wp-block-heading\"><strong>\u00bfPara\nqu\u00e9 utilizamos sus datos personales?<\/strong><\/h3>\n\n\n\n<p>La informaci\u00f3n\nrecopilada a trav\u00e9s de las cookies propias (cookies de sesi\u00f3n y de entrada de\nusuario) se suelen utilizar para rastrear las acciones del usuario al rellenar\nlos formularios en l\u00ednea en varias p\u00e1ginas, o como cesta de la compra para\nhacer el seguimiento de los art\u00edculos que el usuario ha seleccionado al pulsar\nun bot\u00f3n, o para personalizar la interface del usuario al visitar la p\u00e1gina\nweb.<\/p>\n\n\n\n<p>La informaci\u00f3n\nrecopilada a trav\u00e9s de las cookies de terceros es la siguiente:<\/p>\n\n\n\n<p>&#8211; A trav\u00e9s de las cookies\nanal\u00edticas se analizan sus h\u00e1bitos de navegaci\u00f3n para mejorar los servicios\nprestados; <\/p>\n\n\n\n<p>&#8211; A trav\u00e9s de las cookies\ncomportamentales se recoge informaci\u00f3n sobre las preferencias del usuario para\ngestionar los espacios publicitarios de la forma m\u00e1s eficaz posible; y <\/p>\n\n\n\n<p>&#8211; a trav\u00e9s de las cookies\npublicitarias se mide el rendimiento de los anuncios y se proporcionan\nrecomendaciones relativas a productos basadas en datos estad\u00edsticos.<\/p>\n\n\n\n<p>Para ver\nexactamente el uso de las cookies v\u00e9ase el cuadro sobre el uso de las cookies\nen esta web.<\/p>\n\n\n\n<h3 class=\"wp-block-heading\"><strong>\u00bfCu\u00e1l\nes la base legal para el tratamiento de sus datos personales?<\/strong><\/h3>\n\n\n\n<p>La legitimaci\u00f3n\npara el tratamiento de sus datos personales viene dada por su consentimiento,\notorgado en el momento de ponerse en contacto con nosotros, para la utilizaci\u00f3n\nde cookies anal\u00edticas, comportamentales y publicitarias; para las cookies de\nsesi\u00f3n o personalizaci\u00f3n, la legitimaci\u00f3n para el tratamiento viene dada por el\ninter\u00e9s leg\u00edtimo del prestador (responsable del tratamiento).<\/p>\n\n\n\n<h3 class=\"wp-block-heading\"><strong>\u00bfA\nqui\u00e9n comunicamos sus datos?<\/strong><\/h3>\n\n\n\n<p>No se ceder\u00e1n ni\ncomunicar\u00e1n datos a terceros, salvo por obligaci\u00f3n legal o a los terceros\nindicados en el caso de uso de cookies gestionadas por \u00e9stos. <\/p>\n\n\n\n<h3 class=\"wp-block-heading\"><strong>\u00bfCu\u00e1l\nes el plazo de conservaci\u00f3n de sus datos?<\/strong><\/h3>\n\n\n\n<p>El plazo de\nconservaci\u00f3n de los datos recogidos es el indicado en el cuadro sobre el uso de\nlas cookies en esta web.<\/p>\n\n\n\n<h3 class=\"wp-block-heading\"><strong>\u00bfCu\u00e1les\nson sus derechos?<\/strong><\/h3>\n\n\n\n<p>Los derechos que\namparan al usuario son los de acceso, rectificaci\u00f3n, supresi\u00f3n, portabilidad de\nlos mismos,&nbsp; retirada del consentimiento\n(sin que ello afecte a la licitud del tratamiento otorgado previamente a su\nretirada), oposici\u00f3n al tratamiento, limitaci\u00f3n (en determinadas\ncircunstancias) y a presentar una reclamaci\u00f3n ante la autoridad de control (la\nAgencia Espa\u00f1ola de protecci\u00f3n de datos, www.aepd.es<\/p>\n","protected":false},"excerpt":{"rendered":"<p>La web de CAMP DE CERVI\u00c0 DE LES GARRIGUES I SECCI\u00d3 DE CR\u00c8DIT SCCL utiliza cookies propias y de terceros. Una cookie es un fichero que se descarga en su ordenador al acceder a determinadas p\u00e1ginas web, entre otras finalidades, asegurar el correcto funcionamiento de la p\u00e1gina, permitir al Usuario un acceso m\u00e1s r\u00e1pido a [&hellip;]<\/p>\n","protected":false},"author":1,"featured_media":0,"parent":0,"menu_order":0,"comment_status":"closed","ping_status":"closed","template":"","meta":{"_monsterinsights_skip_tracking":false,"_monsterinsights_sitenote_active":false,"_monsterinsights_sitenote_note":"","_monsterinsights_sitenote_category":0,"footnotes":""},"class_list":["post-2874","page","type-page","status-publish","hentry"],"_links":{"self":[{"href":"https:\/\/campdecervia.com\/es\/wp-json\/wp\/v2\/pages\/2874","targetHints":{"allow":["GET"]}}],"collection":[{"href":"https:\/\/campdecervia.com\/es\/wp-json\/wp\/v2\/pages"}],"about":[{"href":"https:\/\/campdecervia.com\/es\/wp-json\/wp\/v2\/types\/page"}],"author":[{"embeddable":true,"href":"https:\/\/campdecervia.com\/es\/wp-json\/wp\/v2\/users\/1"}],"replies":[{"embeddable":true,"href":"https:\/\/campdecervia.com\/es\/wp-json\/wp\/v2\/comments?post=2874"}],"version-history":[{"count":0,"href":"https:\/\/campdecervia.com\/es\/wp-json\/wp\/v2\/pages\/2874\/revisions"}],"wp:attachment":[{"href":"https:\/\/campdecervia.com\/es\/wp-json\/wp\/v2\/media?parent=2874"}],"curies":[{"name":"wp","href":"https:\/\/api.w.org\/{rel}","templated":true}]}}