{"id":4888,"date":"2021-10-25T09:28:01","date_gmt":"2021-10-25T09:28:01","guid":{"rendered":"https:\/\/campdecervia.com\/covides\/"},"modified":"2023-02-27T15:19:34","modified_gmt":"2023-02-27T15:19:34","slug":"covides","status":"publish","type":"page","link":"https:\/\/campdecervia.com\/es\/covides\/","title":{"rendered":"Covides"},"content":{"rendered":"\t\t<div data-elementor-type=\"wp-page\" data-elementor-id=\"4888\" class=\"elementor elementor-4888 elementor-4833\" data-elementor-post-type=\"page\">\n\t\t\t\t\t\t<section class=\"elementor-section elementor-top-section elementor-element elementor-element-60ca678 elementor-section-boxed elementor-section-height-default elementor-section-height-default\" data-id=\"60ca678\" data-element_type=\"section\" data-e-type=\"section\">\n\t\t\t\t\t\t<div class=\"elementor-container elementor-column-gap-default\">\n\t\t\t\t\t<div class=\"elementor-column elementor-col-100 elementor-top-column elementor-element elementor-element-3fd5de6\" data-id=\"3fd5de6\" data-element_type=\"column\" data-e-type=\"column\">\n\t\t\t<div class=\"elementor-widget-wrap elementor-element-populated\">\n\t\t\t\t\t\t<div class=\"elementor-element elementor-element-9bbbe38 elementor-widget elementor-widget-heading\" data-id=\"9bbbe38\" data-element_type=\"widget\" data-e-type=\"widget\" data-widget_type=\"heading.default\">\n\t\t\t\t<div class=\"elementor-widget-container\">\n\t\t\t\t\t<h1 class=\"elementor-heading-title elementor-size-default\">Descubre Covides<\/h1>\t\t\t\t<\/div>\n\t\t\t\t<\/div>\n\t\t\t\t<div class=\"elementor-element elementor-element-6e33651 elementor-widget elementor-widget-text-editor\" data-id=\"6e33651\" data-element_type=\"widget\" data-e-type=\"widget\" data-widget_type=\"text-editor.default\">\n\t\t\t\t<div class=\"elementor-widget-container\">\n\t\t\t\t\t\t\t\t\t<p>Covides es una cooperativa vin\u00edcola del Pened\u00e8s que elabora vinos y cavas con personalidad propia. Descubre la amplia gama de productos que encontrar\u00e1s en nuestra agrotienda o en su\u00a0<a href=\"https:\/\/agrobotigacovides.com\/ca\/\" target=\"_blank\" rel=\"noreferrer noopener\">tienda online<\/a>.<\/p>\n\t\t\t\t\t\t\t\t<\/div>\n\t\t\t\t<\/div>\n\t\t\t\t\t<\/div>\n\t\t<\/div>\n\t\t\t\t\t<\/div>\n\t\t<\/section>\n\t\t\t\t<section class=\"elementor-section elementor-top-section elementor-element elementor-element-9efe9bf elementor-section-boxed elementor-section-height-default elementor-section-height-default\" data-id=\"9efe9bf\" data-element_type=\"section\" data-e-type=\"section\">\n\t\t\t\t\t\t<div class=\"elementor-container elementor-column-gap-default\">\n\t\t\t\t\t<div class=\"elementor-column elementor-col-33 elementor-top-column elementor-element elementor-element-a277dc6\" data-id=\"a277dc6\" data-element_type=\"column\" data-e-type=\"column\">\n\t\t\t<div class=\"elementor-widget-wrap elementor-element-populated\">\n\t\t\t\t\t\t<div class=\"elementor-element elementor-element-c30c6dd elementor-widget elementor-widget-image\" data-id=\"c30c6dd\" data-element_type=\"widget\" data-e-type=\"widget\" data-widget_type=\"image.default\">\n\t\t\t\t<div class=\"elementor-widget-container\">\n\t\t\t\t\t\t\t\t\t\t\t\t\t\t\t<img fetchpriority=\"high\" decoding=\"async\" width=\"684\" height=\"1024\" src=\"https:\/\/campdecervia.com\/wp-content\/uploads\/2021\/10\/DUC-DE-FOIX_Cava-Brut-Reserva-rosat_1-scaled-684x1024.jpg\" class=\"attachment-large size-large wp-image-4837\" alt=\"\" srcset=\"https:\/\/campdecervia.com\/wp-content\/uploads\/2021\/10\/DUC-DE-FOIX_Cava-Brut-Reserva-rosat_1-scaled-684x1024.jpg 684w, https:\/\/campdecervia.com\/wp-content\/uploads\/2021\/10\/DUC-DE-FOIX_Cava-Brut-Reserva-rosat_1-scaled-600x899.jpg 600w, https:\/\/campdecervia.com\/wp-content\/uploads\/2021\/10\/DUC-DE-FOIX_Cava-Brut-Reserva-rosat_1-scaled-200x300.jpg 200w, https:\/\/campdecervia.com\/wp-content\/uploads\/2021\/10\/DUC-DE-FOIX_Cava-Brut-Reserva-rosat_1-768x1151.jpg 768w, https:\/\/campdecervia.com\/wp-content\/uploads\/2021\/10\/DUC-DE-FOIX_Cava-Brut-Reserva-rosat_1-1025x1536.jpg 1025w, https:\/\/campdecervia.com\/wp-content\/uploads\/2021\/10\/DUC-DE-FOIX_Cava-Brut-Reserva-rosat_1-1367x2048.jpg 1367w, https:\/\/campdecervia.com\/wp-content\/uploads\/2021\/10\/DUC-DE-FOIX_Cava-Brut-Reserva-rosat_1-scaled.jpg 1709w\" sizes=\"(max-width: 684px) 100vw, 684px\" \/>\t\t\t\t\t\t\t\t\t\t\t\t\t\t\t<\/div>\n\t\t\t\t<\/div>\n\t\t\t\t<div class=\"elementor-element elementor-element-72b9ff0 elementor-widget elementor-widget-text-editor\" data-id=\"72b9ff0\" data-element_type=\"widget\" data-e-type=\"widget\" data-widget_type=\"text-editor.default\">\n\t\t\t\t<div class=\"elementor-widget-container\">\n\t\t\t\t\t\t\t\t\t<p><a href=\"https:\/\/www.covides.com\/duc-de-foix\/rosat-2\/\" target=\"_blank\" rel=\"noreferrer noopener\">Brut Rosat<\/a><\/p>\n\t\t\t\t\t\t\t\t<\/div>\n\t\t\t\t<\/div>\n\t\t\t\t<div class=\"elementor-element elementor-element-810625a elementor-widget elementor-widget-text-editor\" data-id=\"810625a\" data-element_type=\"widget\" data-e-type=\"widget\" data-widget_type=\"text-editor.default\">\n\t\t\t\t<div class=\"elementor-widget-container\">\n\t\t\t\t\t\t\t\t\t<p>100% TREPAT<br \/>\nRedondo, c\u00e1lido y agradable con una buena y larga persistencia.<\/p>\n\t\t\t\t\t\t\t\t<\/div>\n\t\t\t\t<\/div>\n\t\t\t\t\t<\/div>\n\t\t<\/div>\n\t\t\t\t<div class=\"elementor-column elementor-col-33 elementor-top-column elementor-element elementor-element-09494ef\" data-id=\"09494ef\" data-element_type=\"column\" data-e-type=\"column\">\n\t\t\t<div class=\"elementor-widget-wrap elementor-element-populated\">\n\t\t\t\t\t\t<div class=\"elementor-element elementor-element-ad8fda3 elementor-widget elementor-widget-image\" data-id=\"ad8fda3\" data-element_type=\"widget\" data-e-type=\"widget\" data-widget_type=\"image.default\">\n\t\t\t\t<div class=\"elementor-widget-container\">\n\t\t\t\t\t\t\t\t\t\t\t\t\t\t\t<img decoding=\"async\" width=\"684\" height=\"1024\" src=\"https:\/\/campdecervia.com\/wp-content\/uploads\/2021\/10\/DUC-DE-FOIX_ICE-scaled-684x1024.jpg\" class=\"attachment-large size-large wp-image-4865\" alt=\"\" srcset=\"https:\/\/campdecervia.com\/wp-content\/uploads\/2021\/10\/DUC-DE-FOIX_ICE-scaled-684x1024.jpg 684w, https:\/\/campdecervia.com\/wp-content\/uploads\/2021\/10\/DUC-DE-FOIX_ICE-scaled-600x899.jpg 600w, https:\/\/campdecervia.com\/wp-content\/uploads\/2021\/10\/DUC-DE-FOIX_ICE-scaled-200x300.jpg 200w, https:\/\/campdecervia.com\/wp-content\/uploads\/2021\/10\/DUC-DE-FOIX_ICE-768x1151.jpg 768w, https:\/\/campdecervia.com\/wp-content\/uploads\/2021\/10\/DUC-DE-FOIX_ICE-1025x1536.jpg 1025w, https:\/\/campdecervia.com\/wp-content\/uploads\/2021\/10\/DUC-DE-FOIX_ICE-1367x2048.jpg 1367w, https:\/\/campdecervia.com\/wp-content\/uploads\/2021\/10\/DUC-DE-FOIX_ICE-scaled.jpg 1709w\" sizes=\"(max-width: 684px) 100vw, 684px\" \/>\t\t\t\t\t\t\t\t\t\t\t\t\t\t\t<\/div>\n\t\t\t\t<\/div>\n\t\t\t\t<div class=\"elementor-element elementor-element-9f800c7 elementor-widget elementor-widget-text-editor\" data-id=\"9f800c7\" data-element_type=\"widget\" data-e-type=\"widget\" data-widget_type=\"text-editor.default\">\n\t\t\t\t<div class=\"elementor-widget-container\">\n\t\t\t\t\t\t\t\t\t<p><a href=\"https:\/\/www.covides.com\/duc-de-foix\/ice\/\" target=\"_blank\" rel=\"noreferrer noopener\">Ice<\/a><\/p>\n\t\t\t\t\t\t\t\t<\/div>\n\t\t\t\t<\/div>\n\t\t\t\t<div class=\"elementor-element elementor-element-30229a0 elementor-widget elementor-widget-text-editor\" data-id=\"30229a0\" data-element_type=\"widget\" data-e-type=\"widget\" data-widget_type=\"text-editor.default\">\n\t\t\t\t<div class=\"elementor-widget-container\">\n\t\t\t\t\t\t\t\t\t<p>XAREL\u00b7LO, MACABEU I PARELLADA<br \/>\nAgradable, potente y con aromas afrutados<\/p>\n\t\t\t\t\t\t\t\t<\/div>\n\t\t\t\t<\/div>\n\t\t\t\t\t<\/div>\n\t\t<\/div>\n\t\t\t\t<div class=\"elementor-column elementor-col-33 elementor-top-column elementor-element elementor-element-c2d9aa2\" data-id=\"c2d9aa2\" data-element_type=\"column\" data-e-type=\"column\">\n\t\t\t<div class=\"elementor-widget-wrap elementor-element-populated\">\n\t\t\t\t\t\t<div class=\"elementor-element elementor-element-11077c6 elementor-widget elementor-widget-image\" data-id=\"11077c6\" data-element_type=\"widget\" data-e-type=\"widget\" data-widget_type=\"image.default\">\n\t\t\t\t<div class=\"elementor-widget-container\">\n\t\t\t\t\t\t\t\t\t\t\t\t\t\t\t<img decoding=\"async\" width=\"684\" height=\"1024\" src=\"https:\/\/campdecervia.com\/wp-content\/uploads\/2021\/10\/DUC-DE-FOIX_Cava-Brut-Nature_11-scaled-684x1024.jpg\" class=\"attachment-large size-large wp-image-4882\" alt=\"\" srcset=\"https:\/\/campdecervia.com\/wp-content\/uploads\/2021\/10\/DUC-DE-FOIX_Cava-Brut-Nature_11-scaled-684x1024.jpg 684w, https:\/\/campdecervia.com\/wp-content\/uploads\/2021\/10\/DUC-DE-FOIX_Cava-Brut-Nature_11-scaled-600x899.jpg 600w, https:\/\/campdecervia.com\/wp-content\/uploads\/2021\/10\/DUC-DE-FOIX_Cava-Brut-Nature_11-scaled-200x300.jpg 200w, https:\/\/campdecervia.com\/wp-content\/uploads\/2021\/10\/DUC-DE-FOIX_Cava-Brut-Nature_11-768x1151.jpg 768w, https:\/\/campdecervia.com\/wp-content\/uploads\/2021\/10\/DUC-DE-FOIX_Cava-Brut-Nature_11-1025x1536.jpg 1025w, https:\/\/campdecervia.com\/wp-content\/uploads\/2021\/10\/DUC-DE-FOIX_Cava-Brut-Nature_11-1367x2048.jpg 1367w, https:\/\/campdecervia.com\/wp-content\/uploads\/2021\/10\/DUC-DE-FOIX_Cava-Brut-Nature_11-scaled.jpg 1709w\" sizes=\"(max-width: 684px) 100vw, 684px\" \/>\t\t\t\t\t\t\t\t\t\t\t\t\t\t\t<\/div>\n\t\t\t\t<\/div>\n\t\t\t\t<div class=\"elementor-element elementor-element-6575256 elementor-widget elementor-widget-text-editor\" data-id=\"6575256\" data-element_type=\"widget\" data-e-type=\"widget\" data-widget_type=\"text-editor.default\">\n\t\t\t\t<div class=\"elementor-widget-container\">\n\t\t\t\t\t\t\t\t\t<p><a href=\"https:\/\/www.covides.com\/terra-terrae-ecologic\/cava-brut-reserva\/\" target=\"_blank\" rel=\"noreferrer noopener\">Brut Nature<\/a><\/p>\n\t\t\t\t\t\t\t\t<\/div>\n\t\t\t\t<\/div>\n\t\t\t\t<div class=\"elementor-element elementor-element-459bf66 elementor-widget elementor-widget-text-editor\" data-id=\"459bf66\" data-element_type=\"widget\" data-e-type=\"widget\" data-widget_type=\"text-editor.default\">\n\t\t\t\t<div class=\"elementor-widget-container\">\n\t\t\t\t\t\t\t\t\t<p>Xarel\u00b7lo, Macabeu i Parellada<br \/>\nSeco, agradable y redondo, con muy buena persistencia arom\u00e1tica.<\/p>\n\t\t\t\t\t\t\t\t<\/div>\n\t\t\t\t<\/div>\n\t\t\t\t\t<\/div>\n\t\t<\/div>\n\t\t\t\t\t<\/div>\n\t\t<\/section>\n\t\t\t\t<section class=\"elementor-section elementor-top-section elementor-element elementor-element-61e5ecb elementor-section-boxed elementor-section-height-default elementor-section-height-default\" data-id=\"61e5ecb\" data-element_type=\"section\" data-e-type=\"section\">\n\t\t\t\t\t\t<div class=\"elementor-container elementor-column-gap-default\">\n\t\t\t\t\t<div class=\"elementor-column elementor-col-33 elementor-top-column elementor-element elementor-element-8fc664a\" data-id=\"8fc664a\" data-element_type=\"column\" data-e-type=\"column\">\n\t\t\t<div class=\"elementor-widget-wrap elementor-element-populated\">\n\t\t\t\t\t\t<div class=\"elementor-element elementor-element-710d313 elementor-widget elementor-widget-image\" data-id=\"710d313\" data-element_type=\"widget\" data-e-type=\"widget\" data-widget_type=\"image.default\">\n\t\t\t\t<div class=\"elementor-widget-container\">\n\t\t\t\t\t\t\t\t\t\t\t\t\t\t\t<img loading=\"lazy\" decoding=\"async\" width=\"684\" height=\"1024\" src=\"https:\/\/campdecervia.com\/wp-content\/uploads\/2021\/10\/TERRA-TERRAE-Brut_1-1-scaled-684x1024.jpg\" class=\"attachment-large size-large wp-image-4871\" alt=\"\" srcset=\"https:\/\/campdecervia.com\/wp-content\/uploads\/2021\/10\/TERRA-TERRAE-Brut_1-1-scaled-684x1024.jpg 684w, https:\/\/campdecervia.com\/wp-content\/uploads\/2021\/10\/TERRA-TERRAE-Brut_1-1-scaled-600x899.jpg 600w, https:\/\/campdecervia.com\/wp-content\/uploads\/2021\/10\/TERRA-TERRAE-Brut_1-1-scaled-200x300.jpg 200w, https:\/\/campdecervia.com\/wp-content\/uploads\/2021\/10\/TERRA-TERRAE-Brut_1-1-768x1151.jpg 768w, https:\/\/campdecervia.com\/wp-content\/uploads\/2021\/10\/TERRA-TERRAE-Brut_1-1-1025x1536.jpg 1025w, https:\/\/campdecervia.com\/wp-content\/uploads\/2021\/10\/TERRA-TERRAE-Brut_1-1-1367x2048.jpg 1367w, https:\/\/campdecervia.com\/wp-content\/uploads\/2021\/10\/TERRA-TERRAE-Brut_1-1-scaled.jpg 1709w\" sizes=\"(max-width: 684px) 100vw, 684px\" \/>\t\t\t\t\t\t\t\t\t\t\t\t\t\t\t<\/div>\n\t\t\t\t<\/div>\n\t\t\t\t<div class=\"elementor-element elementor-element-abab6aa elementor-widget elementor-widget-text-editor\" data-id=\"abab6aa\" data-element_type=\"widget\" data-e-type=\"widget\" data-widget_type=\"text-editor.default\">\n\t\t\t\t<div class=\"elementor-widget-container\">\n\t\t\t\t\t\t\t\t\t<p><a href=\"https:\/\/www.covides.com\/terra-terrae-ecologic\/brut\/\" target=\"_blank\" rel=\"noreferrer noopener\">Cava Brut<\/a><\/p>\n\t\t\t\t\t\t\t\t<\/div>\n\t\t\t\t<\/div>\n\t\t\t\t<div class=\"elementor-element elementor-element-85e2eeb elementor-widget elementor-widget-text-editor\" data-id=\"85e2eeb\" data-element_type=\"widget\" data-e-type=\"widget\" data-widget_type=\"text-editor.default\">\n\t\t\t\t<div class=\"elementor-widget-container\">\n\t\t\t\t\t\t\t\t\t<p>XAREL\u00b7LO, MACABEU I PARELLADA<br \/>\nRedondo, agradable, con un final que recuerda la fruta madura y la boller\u00eda.<\/p>\n\t\t\t\t\t\t\t\t<\/div>\n\t\t\t\t<\/div>\n\t\t\t\t\t<\/div>\n\t\t<\/div>\n\t\t\t\t<div class=\"elementor-column elementor-col-33 elementor-top-column elementor-element elementor-element-780c92a\" data-id=\"780c92a\" data-element_type=\"column\" data-e-type=\"column\">\n\t\t\t<div class=\"elementor-widget-wrap elementor-element-populated\">\n\t\t\t\t\t\t<div class=\"elementor-element elementor-element-3dd0b78 elementor-widget elementor-widget-image\" data-id=\"3dd0b78\" data-element_type=\"widget\" data-e-type=\"widget\" data-widget_type=\"image.default\">\n\t\t\t\t<div class=\"elementor-widget-container\">\n\t\t\t\t\t\t\t\t\t\t\t\t\t\t\t<img loading=\"lazy\" decoding=\"async\" width=\"684\" height=\"1024\" src=\"https:\/\/campdecervia.com\/wp-content\/uploads\/2021\/10\/TERRA-TERRAECabernet-sauvignon-_Merlot-_-Syrah_1-1-scaled-684x1024.jpg\" class=\"attachment-large size-large wp-image-4874\" alt=\"\" srcset=\"https:\/\/campdecervia.com\/wp-content\/uploads\/2021\/10\/TERRA-TERRAECabernet-sauvignon-_Merlot-_-Syrah_1-1-scaled-684x1024.jpg 684w, https:\/\/campdecervia.com\/wp-content\/uploads\/2021\/10\/TERRA-TERRAECabernet-sauvignon-_Merlot-_-Syrah_1-1-scaled-600x899.jpg 600w, https:\/\/campdecervia.com\/wp-content\/uploads\/2021\/10\/TERRA-TERRAECabernet-sauvignon-_Merlot-_-Syrah_1-1-scaled-200x300.jpg 200w, https:\/\/campdecervia.com\/wp-content\/uploads\/2021\/10\/TERRA-TERRAECabernet-sauvignon-_Merlot-_-Syrah_1-1-768x1151.jpg 768w, https:\/\/campdecervia.com\/wp-content\/uploads\/2021\/10\/TERRA-TERRAECabernet-sauvignon-_Merlot-_-Syrah_1-1-1025x1536.jpg 1025w, https:\/\/campdecervia.com\/wp-content\/uploads\/2021\/10\/TERRA-TERRAECabernet-sauvignon-_Merlot-_-Syrah_1-1-1367x2048.jpg 1367w, https:\/\/campdecervia.com\/wp-content\/uploads\/2021\/10\/TERRA-TERRAECabernet-sauvignon-_Merlot-_-Syrah_1-1-scaled.jpg 1709w\" sizes=\"(max-width: 684px) 100vw, 684px\" \/>\t\t\t\t\t\t\t\t\t\t\t\t\t\t\t<\/div>\n\t\t\t\t<\/div>\n\t\t\t\t<div class=\"elementor-element elementor-element-0808969 elementor-widget elementor-widget-text-editor\" data-id=\"0808969\" data-element_type=\"widget\" data-e-type=\"widget\" data-widget_type=\"text-editor.default\">\n\t\t\t\t<div class=\"elementor-widget-container\">\n\t\t\t\t\t\t\t\t\t<p><a href=\"https:\/\/www.covides.com\/terra-terrae-ecologic\/vi-negre\/\" target=\"_blank\" rel=\"noreferrer noopener\">Vi Negre<\/a><\/p>\n\t\t\t\t\t\t\t\t<\/div>\n\t\t\t\t<\/div>\n\t\t\t\t<div class=\"elementor-element elementor-element-095f307 elementor-widget elementor-widget-text-editor\" data-id=\"095f307\" data-element_type=\"widget\" data-e-type=\"widget\" data-widget_type=\"text-editor.default\">\n\t\t\t\t<div class=\"elementor-widget-container\">\n\t\t\t\t\t\t\t\t\t<p>CABERNET SAUVIGNON, MERLOT I SYRAH C\u00e1lido con buena estructura, un final redondo y notas que recuerdan al cacao.<\/p>\n\t\t\t\t\t\t\t\t<\/div>\n\t\t\t\t<\/div>\n\t\t\t\t\t<\/div>\n\t\t<\/div>\n\t\t\t\t<div class=\"elementor-column elementor-col-33 elementor-top-column elementor-element elementor-element-2a5b085\" data-id=\"2a5b085\" data-element_type=\"column\" data-e-type=\"column\">\n\t\t\t<div class=\"elementor-widget-wrap elementor-element-populated\">\n\t\t\t\t\t\t<div class=\"elementor-element elementor-element-4ffbc4d elementor-widget elementor-widget-image\" data-id=\"4ffbc4d\" data-element_type=\"widget\" data-e-type=\"widget\" data-widget_type=\"image.default\">\n\t\t\t\t<div class=\"elementor-widget-container\">\n\t\t\t\t\t\t\t\t\t\t\t\t\t\t\t<img loading=\"lazy\" decoding=\"async\" width=\"684\" height=\"1024\" src=\"https:\/\/campdecervia.com\/wp-content\/uploads\/2021\/10\/TERRA-TERRAEChardonnay_Xarello_Mosacatel-dAlejandria_1-1-scaled-684x1024.jpg\" class=\"attachment-large size-large wp-image-4877\" alt=\"\" srcset=\"https:\/\/campdecervia.com\/wp-content\/uploads\/2021\/10\/TERRA-TERRAEChardonnay_Xarello_Mosacatel-dAlejandria_1-1-scaled-684x1024.jpg 684w, https:\/\/campdecervia.com\/wp-content\/uploads\/2021\/10\/TERRA-TERRAEChardonnay_Xarello_Mosacatel-dAlejandria_1-1-scaled-600x899.jpg 600w, https:\/\/campdecervia.com\/wp-content\/uploads\/2021\/10\/TERRA-TERRAEChardonnay_Xarello_Mosacatel-dAlejandria_1-1-scaled-200x300.jpg 200w, https:\/\/campdecervia.com\/wp-content\/uploads\/2021\/10\/TERRA-TERRAEChardonnay_Xarello_Mosacatel-dAlejandria_1-1-768x1151.jpg 768w, https:\/\/campdecervia.com\/wp-content\/uploads\/2021\/10\/TERRA-TERRAEChardonnay_Xarello_Mosacatel-dAlejandria_1-1-1025x1536.jpg 1025w, https:\/\/campdecervia.com\/wp-content\/uploads\/2021\/10\/TERRA-TERRAEChardonnay_Xarello_Mosacatel-dAlejandria_1-1-1367x2048.jpg 1367w, https:\/\/campdecervia.com\/wp-content\/uploads\/2021\/10\/TERRA-TERRAEChardonnay_Xarello_Mosacatel-dAlejandria_1-1-scaled.jpg 1709w\" sizes=\"(max-width: 684px) 100vw, 684px\" \/>\t\t\t\t\t\t\t\t\t\t\t\t\t\t\t<\/div>\n\t\t\t\t<\/div>\n\t\t\t\t<div class=\"elementor-element elementor-element-334e96a elementor-widget elementor-widget-text-editor\" data-id=\"334e96a\" data-element_type=\"widget\" data-e-type=\"widget\" data-widget_type=\"text-editor.default\">\n\t\t\t\t<div class=\"elementor-widget-container\">\n\t\t\t\t\t\t\t\t\t<p><a href=\"https:\/\/www.covides.com\/terra-terrae-ecologic\/vi-blanc\/\" target=\"_blank\" rel=\"noreferrer noopener\">Vi Blanc<\/a><\/p>\n\t\t\t\t\t\t\t\t<\/div>\n\t\t\t\t<\/div>\n\t\t\t\t<div class=\"elementor-element elementor-element-8074b3f elementor-widget elementor-widget-text-editor\" data-id=\"8074b3f\" data-element_type=\"widget\" data-e-type=\"widget\" data-widget_type=\"text-editor.default\">\n\t\t\t\t<div class=\"elementor-widget-container\">\n\t\t\t\t\t\t\t\t\t<p>CHARDONNAY, XAREL\u00b7LO I MOSCATELL D\u2019ALEXANDRIA<br \/>\nC\u00e1lido con un final largo. Notas que recuerdan a las frutas de hueso.<\/p>\n\t\t\t\t\t\t\t\t<\/div>\n\t\t\t\t<\/div>\n\t\t\t\t\t<\/div>\n\t\t<\/div>\n\t\t\t\t\t<\/div>\n\t\t<\/section>\n\t\t\t\t<\/div>\n\t\t","protected":false},"excerpt":{"rendered":"<p>Descubre Covides Covides es una cooperativa vin\u00edcola del Pened\u00e8s que elabora vinos y cavas con personalidad propia. Descubre la amplia gama de productos que encontrar\u00e1s en nuestra agrotienda o en su\u00a0tienda online. Brut Rosat 100% TREPAT Redondo, c\u00e1lido y agradable con una buena y larga persistencia. Ice XAREL\u00b7LO, MACABEU I PARELLADA Agradable, potente y con [&hellip;]<\/p>\n","protected":false},"author":1,"featured_media":0,"parent":0,"menu_order":0,"comment_status":"closed","ping_status":"closed","template":"","meta":{"_monsterinsights_skip_tracking":false,"_monsterinsights_sitenote_active":false,"_monsterinsights_sitenote_note":"","_monsterinsights_sitenote_category":0,"footnotes":""},"class_list":["post-4888","page","type-page","status-publish","hentry"],"_links":{"self":[{"href":"https:\/\/campdecervia.com\/es\/wp-json\/wp\/v2\/pages\/4888","targetHints":{"allow":["GET"]}}],"collection":[{"href":"https:\/\/campdecervia.com\/es\/wp-json\/wp\/v2\/pages"}],"about":[{"href":"https:\/\/campdecervia.com\/es\/wp-json\/wp\/v2\/types\/page"}],"author":[{"embeddable":true,"href":"https:\/\/campdecervia.com\/es\/wp-json\/wp\/v2\/users\/1"}],"replies":[{"embeddable":true,"href":"https:\/\/campdecervia.com\/es\/wp-json\/wp\/v2\/comments?post=4888"}],"version-history":[{"count":2,"href":"https:\/\/campdecervia.com\/es\/wp-json\/wp\/v2\/pages\/4888\/revisions"}],"predecessor-version":[{"id":6567,"href":"https:\/\/campdecervia.com\/es\/wp-json\/wp\/v2\/pages\/4888\/revisions\/6567"}],"wp:attachment":[{"href":"https:\/\/campdecervia.com\/es\/wp-json\/wp\/v2\/media?parent=4888"}],"curies":[{"name":"wp","href":"https:\/\/api.w.org\/{rel}","templated":true}]}}