{"id":2572,"date":"2019-07-11T08:39:09","date_gmt":"2019-07-11T08:39:09","guid":{"rendered":"https:\/\/campdecervia.com\/product\/oli-doliva-verge-extra-ecologic-5-l\/"},"modified":"2026-02-12T16:45:55","modified_gmt":"2026-02-12T16:45:55","slug":"aceite-de-oliva-virgen-extra-ecologico-5-l","status":"publish","type":"product","link":"https:\/\/campdecervia.com\/es\/producte\/aceite-de-oliva-virgen-extra-ecologico-5-l\/","title":{"rendered":"Aceite de Oliva Virgen Extra Ecol\u00f2gico 5 L"},"content":{"rendered":"<p>Aceite <strong>100% procedente de oliva arbequina ecol\u00f3gica<\/strong> de recolecci\u00f3n manual y molturada antes de 24 horas.<\/p>\n<p>Fruto en su punto \u00f3ptimo de maduraci\u00f3n. Predominio de la oliva madura de intenso color morado. El \u00f3leo virgen extra Ecol\u00f3gico adquiere unas tonalidades doradas y conserva el sabor y aroma profundos de la oliva madura.<\/p>\n<p>Se filtra por procedimientos mec\u00e1nicos tradicionales y se envasa en el m\u00ednimo tiempo posible para que conserve la presencia intensa de su origen de oliva arbequina.<\/p>\n<p><span style=\"color: #8dc73f;\">Camp de Cervi\u00e0 est\u00e1 certificado por el CCPAE(Consejo Catal\u00e0 de la Producci\u00f3n Agraria Ecol\u00f3gica) el cual garantiza al consumidor que las t\u00e9cnicas utilizadas en la producci\u00f3n agraria ecol\u00f3gica son respetuosas con el medio ambiente y con las personas.<\/span><\/p>\n","protected":false},"excerpt":{"rendered":"<p>Aceite 100% procedente de oliva arbequina ecol\u00f3gica de recolecci\u00f3n manual y molturada antes de 24 horas.<\/p>\n<div class=\"destacats-desc\">\n<p>Camp de\u00a0Cervi\u00e0\u00a0est\u00e1 certificado por el\u00a0CCPAE (Consejo Catal\u00e0 de la Producci\u00f3n Agraria Ecol\u00f3gica) el cual garantiza al consumidor que las t\u00e9cnicas utilizadas en la producci\u00f3n agraria\u00a0ecol\u00f3gica\u00a0son respetuosas con el medio ambiente y con las personas.<\/p>\n<\/div>\n<p><em><span style=\"color: #8dc73f;\">Formato<\/span>:\u00a0<\/em>Garrafa de 5 l.<\/p>\n<p><em><span style=\"color: #8dc73f;\">Condiciones de conservaci\u00f3n<\/span>: <\/em>Mantener en lugar fresco y seco, fuera de la luz solar.<\/p>\n<p><strong>Compra en caja de 2 o 4 unidades.<\/strong><\/p>\n","protected":false},"featured_media":8878,"comment_status":"open","ping_status":"closed","template":"","meta":{"_monsterinsights_skip_tracking":false,"_monsterinsights_sitenote_active":false,"_monsterinsights_sitenote_note":"","_monsterinsights_sitenote_category":0},"product_brand":[],"product_cat":[82],"product_tag":[99],"class_list":{"0":"post-2572","1":"product","2":"type-product","3":"status-publish","4":"has-post-thumbnail","6":"product_cat-ecologic-es","7":"product_tag-5l-es","9":"first","10":"instock","11":"shipping-taxable","12":"purchasable","13":"product-type-simple"},"_links":{"self":[{"href":"https:\/\/campdecervia.com\/es\/wp-json\/wp\/v2\/product\/2572","targetHints":{"allow":["GET"]}}],"collection":[{"href":"https:\/\/campdecervia.com\/es\/wp-json\/wp\/v2\/product"}],"about":[{"href":"https:\/\/campdecervia.com\/es\/wp-json\/wp\/v2\/types\/product"}],"replies":[{"embeddable":true,"href":"https:\/\/campdecervia.com\/es\/wp-json\/wp\/v2\/comments?post=2572"}],"wp:featuredmedia":[{"embeddable":true,"href":"https:\/\/campdecervia.com\/es\/wp-json\/wp\/v2\/media\/8878"}],"wp:attachment":[{"href":"https:\/\/campdecervia.com\/es\/wp-json\/wp\/v2\/media?parent=2572"}],"wp:term":[{"taxonomy":"product_brand","embeddable":true,"href":"https:\/\/campdecervia.com\/es\/wp-json\/wp\/v2\/product_brand?post=2572"},{"taxonomy":"product_cat","embeddable":true,"href":"https:\/\/campdecervia.com\/es\/wp-json\/wp\/v2\/product_cat?post=2572"},{"taxonomy":"product_tag","embeddable":true,"href":"https:\/\/campdecervia.com\/es\/wp-json\/wp\/v2\/product_tag?post=2572"}],"curies":[{"name":"wp","href":"https:\/\/api.w.org\/{rel}","templated":true}]}}